{"id":1116,"date":"2022-09-07T06:25:42","date_gmt":"2022-09-07T06:25:42","guid":{"rendered":"https:\/\/www.metaalrecyclingmoerdijk.nl\/inkoop-particulieren\/"},"modified":"2023-07-10T12:34:32","modified_gmt":"2023-07-10T12:34:32","slug":"zakup-osob-prywatnych","status":"publish","type":"page","link":"https:\/\/www.metaalrecyclingmoerdijk.nl\/pl\/zakup-osob-prywatnych\/","title":{"rendered":"Zakup os\u00f3b prywatnych"},"content":{"rendered":"<p>[vc_row rt_row_background_width=&#8221;fullwidth&#8221; rt_row_content_width=&#8221;default&#8221; rt_row_style=&#8221;default-style&#8221; rt_row_height=&#8221;&#8221; rt_column_gaps=&#8221;&#8221; rt_row_shadows=&#8221;&#8221; rt_row_borders=&#8221;&#8221; rt_bg_effect=&#8221;classic&#8221; rt_bg_image_repeat=&#8221;repeat&#8221; rt_bg_size=&#8221;cover&#8221; rt_bg_position=&#8221;right top&#8221; rt_bg_attachment=&#8221;scroll&#8221; rt_bg_layer=&#8221;&#8221; rt_bg_video_format=&#8221;self-hosted&#8221; rt_class=&#8221;rt-1458982&#8243; rt_paddings=&#8221;0,50,,&#8221; rt_margins=&#8221;,,,&#8221; rt_content_margins=&#8221;,,,&#8221; rt_tablet_paddings=&#8221;,,,&#8221; rt_tablet_margins=&#8221;,,,&#8221; rt_tablet_content_margins=&#8221;,,,&#8221; rt_sp_paddings=&#8221;20,20,,&#8221; rt_sp_margins=&#8221;,,,&#8221; rt_sp_content_margins=&#8221;,,,&#8221;][vc_column width=&#8221;3\/5&#8243; rt_bg_effect=&#8221;classic&#8221; rt_bg_image_repeat=&#8221;repeat&#8221; rt_bg_size=&#8221;auto auto&#8221; rt_bg_position=&#8221;right top&#8221; rt_bg_attachment=&#8221;scroll&#8221;][vc_raw_html el_class=&#8221;title_box-1&#8243;]JTNDaDMlM0VVcyVDNSU4MnVnaSUzQyUyRmgzJTNFJTBBJTNDaDIlM0VTa3VwJTIwbWV0YWxpJTIwJUM1JUJDZWxhem55Y2glMjBpJTIwbmllJUM1JUJDZWxhem55Y2glM0MlMkZoMiUzRQ==[\/vc_raw_html][vc_column_text]<strong>Jeste\u015b osob\u0105 prywatn\u0105 i masz jaki\u015b stary metal lub kable, kt\u00f3rych ju\u017c nie u\u017cywasz? Wiele metali jest dzi\u015b bardzo poszukiwanych.<\/strong><\/p>\n<p>Dzi\u0119ki temu mo\u017cesz otrzyma\u0107 konkurencyjne wynagrodzenie dla swojej imprezy. Dlatego oddaj swoje stare metale i kable do Metaalrecycling Moerdijk! Jeste\u015bmy r\u00f3wnie\u017c dost\u0119pni dla os\u00f3b prywatnych w celu zakupu metali \u017celaznych i nie\u017celaznych.[\/vc_column_text][vc_raw_html el_class=&#8221;opsomming&#8221;]JTNDaDMlM0UlM0NzcGFuJTIwY2xhc3MlM0QlMjJpY29uLW9rJTIwaWNvbiUyMiUzRSUzQyUyRnNwYW4lM0VLb25rdXJlbmN5am5lJTIwb3AlQzUlODJhdHklM0MlMkZoMyUzRSUwQSUzQ2gzJTNFJTNDc3BhbiUyMGNsYXNzJTNEJTIyaWNvbi1vayUyMGljb24lMjIlM0UlM0MlMkZzcGFuJTNFQ2ElQzUlODJrb3dpdGElMjBjZW5hJTIwcCVDNSU4MmF0bmElMjBnb3QlQzMlQjN3ayVDNCU4NSUzQyUyRmgzJTNFJTBBJTNDaDMlM0UlM0NzcGFuJTIwY2xhc3MlM0QlMjJpY29uLW9rJTIwaWNvbiUyMiUzRSUzQyUyRnNwYW4lM0VaciVDMyVCM3dub3dhJUM1JUJDb25hJTIwb2JyJUMzJUIzYmthJTIwbWV0YWxpJTNDJTJGaDMlM0U=[\/vc_raw_html][\/vc_column][vc_column width=&#8221;2\/5&#8243; rt_bg_effect=&#8221;classic&#8221; rt_bg_image_repeat=&#8221;repeat&#8221; rt_bg_size=&#8221;auto auto&#8221; rt_bg_position=&#8221;right top&#8221; rt_bg_attachment=&#8221;scroll&#8221;][vc_single_image image=&#8221;400&#8243; img_size=&#8221;full&#8221; onclick=&#8221;link_image&#8221; el_class=&#8221;vervolg-image_1&#8243;][vc_single_image image=&#8221;398&#8243; img_size=&#8221;full&#8221; onclick=&#8221;link_image&#8221; el_class=&#8221;vervolg-image_2&#8243;][\/vc_column][\/vc_row][vc_row rt_row_background_width=&#8221;fullwidth&#8221; rt_row_content_width=&#8221;default&#8221; rt_row_style=&#8221;default-style&#8221; rt_row_height=&#8221;min_height&#8221; rt_holder_placement=&#8221;middle&#8221; rt_column_placement=&#8221;middle&#8221; rt_column_gaps=&#8221;&#8221; rt_row_shadows=&#8221;&#8221; rt_row_borders=&#8221;top&#8221; rt_bg_effect=&#8221;classic&#8221; rt_bg_image_repeat=&#8221;repeat&#8221; rt_bg_size=&#8221;cover&#8221; rt_bg_position=&#8221;right top&#8221; rt_bg_attachment=&#8221;scroll&#8221; rt_bg_layer=&#8221;&#8221; rt_bg_video_format=&#8221;self-hosted&#8221; rt_class=&#8221;rt-6632734&#8243; rt_paddings=&#8221;,,,&#8221; rt_margins=&#8221;,,,&#8221; rt_content_margins=&#8221;,,,&#8221; rt_tablet_paddings=&#8221;,,,&#8221; rt_tablet_margins=&#8221;,,,&#8221; rt_tablet_content_margins=&#8221;,,,&#8221; rt_sp_paddings=&#8221;,0,,&#8221; rt_sp_margins=&#8221;,,,&#8221; rt_sp_content_margins=&#8221;,,,&#8221; rt_min_row_height=&#8221;500&#8243;][vc_column width=&#8221;1\/2&#8243; rt_bg_effect=&#8221;classic&#8221; rt_bg_image_repeat=&#8221;repeat&#8221; rt_bg_size=&#8221;auto auto&#8221; rt_bg_position=&#8221;right top&#8221; rt_bg_attachment=&#8221;scroll&#8221; rt_class=&#8221;rt-4542356&#8243; class=&#8221;nekst-vak&#8221; rt_margins=&#8221;,&#8221; rt_paddings=&#8221;,,,&#8221; rt_wrapper_paddings=&#8221;,,,&#8221; rt_tablet_margins=&#8221;,&#8221; rt_tablet_paddings=&#8221;,,,&#8221; rt_tablet_wrapper_paddings=&#8221;,,,&#8221; rt_sp_margins=&#8221;,&#8221; rt_sp_paddings=&#8221;,,,&#8221; rt_sp_wrapper_paddings=&#8221;,,,&#8221; rt_bg_color=&#8221;&#8221; rt_bg_overlay_color=&#8221;&#8221;][vc_raw_html el_class=&#8221;title_box-1&#8243;]JTNDaDMlM0VaYWt1cCUyMG9zJUMzJUIzYiUyMHByeXdhdG55Y2glM0MlMkZoMyUzRSUwQSUzQ2gyJTNFUHJvY2VzJTNDJTJGaDIlM0U=[\/vc_raw_html][vc_column_text]Je\u015bli masz przesy\u0142k\u0119 do oddania, zapraszamy do odwiedzenia naszego placu przy Kwartelweg 5 w Klundert w godzinach otwarcia (pon.-pt. 8.00-17.00, sob. 9.00-13.00). Czy oddajesz mied\u017a lub metale zawieraj\u0105ce mied\u017a? Nie zapomnij zabra\u0107 ze sob\u0105 dowodu to\u017csamo\u015bci. Jeste\u015bmy zobowi\u0105zani do ich rejestrowania, aby przeciwdzia\u0142a\u0107 rosn\u0105cej tendencji do kradzie\u017cy miedzi. Na miejscu nasi do\u015bwiadczeni pracownicy zaakceptuj\u0105 Twoj\u0105 parti\u0119 i natychmiast rozpoczn\u0105 sortowanie. Metale s\u0105 nast\u0119pnie wa\u017cone na skalibrowanej wadze. Natychmiast otrzymasz ca\u0142kowit\u0105 cen\u0119, kt\u00f3r\u0105 nast\u0119pnie obliczymy od nas w got\u00f3wce. Twoja partia jest nast\u0119pnie przekazywana do starannie wyselekcjonowanego partnera lub przetwarzana we w\u0142asnej niszczarce.[\/vc_column_text][\/vc_column][vc_column width=&#8221;1\/2&#8243; rt_bg_effect=&#8221;classic&#8221; rt_bg_image_repeat=&#8221;repeat&#8221; rt_bg_size=&#8221;auto auto&#8221; rt_bg_position=&#8221;right top&#8221; rt_bg_attachment=&#8221;scroll&#8221; rt_class=&#8221;rt-4229555&#8243; class=&#8221;next-image&#8221; rt_margins=&#8221;,&#8221; rt_paddings=&#8221;,,,&#8221; rt_wrapper_paddings=&#8221;,,,&#8221; rt_tablet_margins=&#8221;,&#8221; rt_tablet_paddings=&#8221;,,,&#8221; rt_tablet_wrapper_paddings=&#8221;,,,&#8221; rt_sp_margins=&#8221;,&#8221; rt_sp_paddings=&#8221;,,,&#8221; rt_sp_wrapper_paddings=&#8221;,,,&#8221; rt_bg_color=&#8221;&#8221; rt_bg_overlay_color=&#8221;&#8221;][\/vc_column][vc_column width=&#8221;1\/2&#8243; rt_bg_effect=&#8221;classic&#8221; rt_bg_image_repeat=&#8221;repeat&#8221; rt_bg_size=&#8221;auto auto&#8221; rt_bg_position=&#8221;right top&#8221; rt_bg_attachment=&#8221;scroll&#8221; rt_class=&#8221;rt-7622934&#8243; class=&#8221;next-achtergrond&#8221; rt_margins=&#8221;,&#8221; rt_paddings=&#8221;,,0,0&#8243; rt_wrapper_paddings=&#8221;,,,&#8221; rt_tablet_margins=&#8221;,&#8221; rt_tablet_paddings=&#8221;,,,&#8221; rt_tablet_wrapper_paddings=&#8221;,,,&#8221; rt_sp_margins=&#8221;,&#8221; rt_sp_paddings=&#8221;,,,&#8221; rt_sp_wrapper_paddings=&#8221;,,,&#8221; rt_bg_color=&#8221;&#8221; rt_bg_overlay_color=&#8221;&#8221;][vc_gmaps link=&#8221;#E-8_JTNDaWZyYW1lJTIwc3JjJTNEJTIyaHR0cHMlM0ElMkYlMkZ3d3cuZ29vZ2xlLmNvbSUyRm1hcHMlMkZlbWJlZCUzRnBiJTNEJTIxMW0xOCUyMTFtMTIlMjExbTMlMjExZDI0NzQuNTgwNzcyNDI3Njk4MyUyMTJkNC41NTU2MjIzMTU5NzYxMTElMjEzZDUxLjY2NzUxMTYwNjgwNDQzJTIxMm0zJTIxMWYwJTIxMmYwJTIxM2YwJTIxM20yJTIxMWkxMDI0JTIxMmk3NjglMjE0ZjEzLjElMjEzbTMlMjExbTIlMjExczB4NDdjNDIzNDQ5NTI5OTVhZCUyNTNBMHg4MjEyYTk2OWZiOTc5MDElMjEyc01ldGFhbHJlY3ljbGluZyUyNTIwTW9lcmRpamslMjE1ZTAlMjEzbTIlMjExc25sJTIxMnNubCUyMTR2MTY2MjcwNzg4NzE2NCUyMTVtMiUyMTFzbmwlMjEyc25sJTIyJTIwd2lkdGglM0QlMjI2MDAlMjIlMjBoZWlnaHQlM0QlMjI1MDAlMjIlMjBzdHlsZSUzRCUyMmJvcmRlciUzQTAlM0IlMjIlMjBhbGxvd2Z1bGxzY3JlZW4lM0QlMjIlMjIlMjBsb2FkaW5nJTNEJTIybGF6eSUyMiUyMHJlZmVycmVycG9saWN5JTNEJTIybm8tcmVmZXJyZXItd2hlbi1kb3duZ3JhZGUlMjIlM0UlM0MlMkZpZnJhbWUlM0U=&#8221;][\/vc_column][\/vc_row][vc_row css_animation=&#8221;none&#8221; rt_row_background_width=&#8221;fullwidth&#8221; rt_row_content_width=&#8221;default&#8221; rt_row_style=&#8221;alt-style-1&#8243; rt_row_height=&#8221;&#8221; rt_column_placement=&#8221;middle&#8221; rt_column_gaps=&#8221;&#8221; rt_row_shadows=&#8221;&#8221; rt_row_borders=&#8221;&#8221; rt_bg_effect=&#8221;classic&#8221; rt_bg_image_repeat=&#8221;repeat&#8221; rt_bg_size=&#8221;cover&#8221; rt_bg_position=&#8221;right top&#8221; rt_bg_attachment=&#8221;scroll&#8221; rt_bg_layer=&#8221;&#8221; rt_bg_video_format=&#8221;self-hosted&#8221; rt_class=&#8221;rt-5866857&#8243; rt_paddings=&#8221;,125px,,&#8221; rt_margins=&#8221;,,,&#8221; rt_content_margins=&#8221;,,,&#8221; rt_tablet_paddings=&#8221;,,,&#8221; rt_tablet_margins=&#8221;,,,&#8221; rt_tablet_content_margins=&#8221;,,,&#8221; rt_sp_paddings=&#8221;,25,,&#8221; rt_sp_margins=&#8221;,,,&#8221; rt_sp_content_margins=&#8221;,,,&#8221; class=&#8221;app-row&#8221;][vc_column width=&#8221;1\/4&#8243; rt_bg_effect=&#8221;classic&#8221; rt_bg_image_repeat=&#8221;repeat&#8221; rt_bg_size=&#8221;auto auto&#8221; rt_bg_position=&#8221;right top&#8221; rt_bg_attachment=&#8221;scroll&#8221; rt_class=&#8221;rt-8924811&#8243; class=&#8221;app-stores&#8221; rt_margins=&#8221;,&#8221; rt_paddings=&#8221;,,,&#8221; rt_wrapper_paddings=&#8221;,,,&#8221; rt_tablet_margins=&#8221;,&#8221; rt_tablet_paddings=&#8221;,,,&#8221; rt_tablet_wrapper_paddings=&#8221;,,,&#8221; rt_sp_margins=&#8221;,&#8221; rt_sp_paddings=&#8221;,,,&#8221; rt_sp_wrapper_paddings=&#8221;,,,&#8221; rt_bg_color=&#8221;&#8221; rt_bg_overlay_color=&#8221;&#8221;][vc_raw_html]JTNDdGFibGUlM0UlMEElM0N0Ym9keSUzRSUwQSUzQ3RyJTNFJTBBJTNDdGQlMjBjbGFzcyUzRCUyMmdvb2dsZXBsYXklMjIlMjBjb2xzcGFuJTNEJTIyMiUyMiUzRSUzQ2ElMjBocmVmJTNEJTIyaHR0cHMlM0ElMkYlMkZwbGF5Lmdvb2dsZS5jb20lMkZzdG9yZSUyRmFwcHMlMkZkZXRhaWxzJTNGaWQlM0Rjb20uY29uZ3JlYXRzLm1ldGFhbHJlY3ljbGluZ21vZXJkaWprJTIyJTNFJTNDaW1nJTIwc3JjJTNEJTIyJTJGd3AtY29udGVudCUyRnVwbG9hZHMlMkZCdXR0b25fcGxheXN0b3JlLTEucG5nJTIyJTNFJTNDJTJGYSUzRSUzQyUyRnRkJTNFJTBBJTNDJTJGdHIlM0UlMEElM0N0ciUzRSUwQSUzQ3RkJTIwY2xhc3MlM0QlMjJhcHBsZXN0b3JlJTIyJTIwY29sc3BhbiUzRCUyMjIlMjIlM0UlM0NhJTIwaHJlZiUzRCUyMiUyMGh0dHBzJTNBJTJGJTJGYXBwcy5hcHBsZS5jb20lMkZubCUyRmFwcCUyRm1ldGFhbHJlY3ljbGluZy1tb2VyZGlqayUyRmlkMTY1OTUxNTk3OSUyMiUzRSUzQ2ltZyUyMHNyYyUzRCUyMiUyRndwLWNvbnRlbnQlMkZ1cGxvYWRzJTJGQnV0dG9uX2FwcHN0b3JlLTEucG5nJTIyJTNFJTNDJTJGYSUzRSUzQyUyRnRkJTNFJTBBJTNDJTJGdHIlM0UlMEElM0MlMkZ0Ym9keSUzRSUwQSUzQyUyRnRhYmxlJTNF[\/vc_raw_html][\/vc_column][vc_column width=&#8221;2\/4&#8243; rt_bg_effect=&#8221;classic&#8221; rt_bg_image_repeat=&#8221;repeat&#8221; rt_bg_size=&#8221;auto auto&#8221; rt_bg_position=&#8221;right top&#8221; rt_bg_attachment=&#8221;scroll&#8221;]<div class=\"rt-heading-wrapper text-left rt-9148064\">\n\t\t\t\t\t\t<h3 class=\"rt-heading\" >Pobierz nasz\u0105 aplikacj\u0119!<\/h3>\n\t\t\t\t\t<\/div>[vc_raw_html]JTNDcCUzRUklMjBiJUM0JTg1ZCVDNSVCQSUyMHphd3N6ZSUyMG5hJTIwYmllJUM1JUJDJUM0JTg1Y28lMjB6JTIwbmFqbm93c3p5bWklMjAlM0NzcGFuJTNFY2VueSUyMG1ldGFsaSUyMSUzQyUyRnNwYW4lM0UlM0MlMkZwJTNF[\/vc_raw_html][\/vc_column][vc_column width=&#8221;1\/4&#8243; rt_bg_effect=&#8221;classic&#8221; rt_bg_image_repeat=&#8221;repeat&#8221; rt_bg_size=&#8221;auto auto&#8221; rt_bg_position=&#8221;right top&#8221; rt_bg_attachment=&#8221;scroll&#8221; rt_class=&#8221;rt-7104709&#8243; class=&#8221;mock-up&#8221; rt_margins=&#8221;,&#8221; rt_paddings=&#8221;,,,&#8221; rt_wrapper_paddings=&#8221;,,,&#8221; rt_tablet_margins=&#8221;,&#8221; rt_tablet_paddings=&#8221;,,,&#8221; rt_tablet_wrapper_paddings=&#8221;,,,&#8221; rt_sp_margins=&#8221;,&#8221; rt_sp_paddings=&#8221;,,,&#8221; rt_sp_wrapper_paddings=&#8221;,,,&#8221; rt_bg_color=&#8221;&#8221; rt_bg_overlay_color=&#8221;&#8221;][vc_single_image image=&#8221;310&#8243; img_size=&#8221;full&#8221; alignment=&#8221;center&#8221;][\/vc_column][\/vc_row][vc_row rt_row_background_width=&#8221;fullwidth&#8221; rt_row_content_width=&#8221;default&#8221; rt_row_style=&#8221;default-style&#8221; rt_row_height=&#8221;&#8221; rt_column_placement=&#8221;middle&#8221; rt_column_gaps=&#8221;&#8221; rt_row_shadows=&#8221;&#8221; rt_row_borders=&#8221;&#8221; rt_bg_effect=&#8221;classic&#8221; rt_bg_image_repeat=&#8221;repeat&#8221; rt_bg_size=&#8221;cover&#8221; rt_bg_position=&#8221;right top&#8221; rt_bg_attachment=&#8221;scroll&#8221; rt_bg_layer=&#8221;&#8221; rt_bg_video_format=&#8221;self-hosted&#8221; rt_class=&#8221;rt-3116200&#8243; class=&#8221;contactrow&#8221; rt_paddings=&#8221;,,,&#8221; rt_margins=&#8221;,,,&#8221; rt_content_margins=&#8221;,,,&#8221; rt_tablet_paddings=&#8221;,,,&#8221; rt_tablet_margins=&#8221;,,,&#8221; rt_tablet_content_margins=&#8221;,,,&#8221; rt_sp_paddings=&#8221;,,,&#8221; rt_sp_margins=&#8221;,,,&#8221; rt_sp_content_margins=&#8221;,,,&#8221;][vc_column width=&#8221;1\/4&#8243; rt_bg_effect=&#8221;classic&#8221; rt_bg_image_repeat=&#8221;repeat&#8221; rt_bg_size=&#8221;auto auto&#8221; rt_bg_position=&#8221;right top&#8221; rt_bg_attachment=&#8221;scroll&#8221; rt_class=&#8221;rt-4970053&#8243; class=&#8221;contact-vak&#8221; rt_margins=&#8221;,&#8221; rt_paddings=&#8221;,,0,0&#8243; rt_wrapper_paddings=&#8221;,,,&#8221; rt_tablet_margins=&#8221;,&#8221; rt_tablet_paddings=&#8221;,,,&#8221; rt_tablet_wrapper_paddings=&#8221;,,,&#8221; rt_sp_margins=&#8221;,&#8221; rt_sp_paddings=&#8221;,,,&#8221; rt_sp_wrapper_paddings=&#8221;,,,&#8221; rt_bg_color=&#8221;&#8221; rt_bg_overlay_color=&#8221;&#8221;][vc_raw_html]JTNDYSUyMGhyZWYlM0QlMjJ0ZWwlM0ElMkIzMTE2ODM4MTExMyUyMiUzRSUzQ2ltZyUyMHNyYyUzRCUyMiUyRndwLWNvbnRlbnQlMkZ1cGxvYWRzJTJGSWNvbl9QaG9uZS5zdmclMjIlM0UlMkIlMjgzMSUyOTE2OC0zODExMTMlM0MlMkZhJTNF[\/vc_raw_html][\/vc_column][vc_column width=&#8221;1\/4&#8243; rt_bg_effect=&#8221;classic&#8221; rt_bg_image_repeat=&#8221;repeat&#8221; rt_bg_size=&#8221;auto auto&#8221; rt_bg_position=&#8221;right top&#8221; rt_bg_attachment=&#8221;scroll&#8221; rt_class=&#8221;rt-5711280&#8243; class=&#8221;contact-vak&#8221; rt_margins=&#8221;,&#8221; rt_paddings=&#8221;,,0,0&#8243; rt_wrapper_paddings=&#8221;,,,&#8221; rt_tablet_margins=&#8221;,&#8221; rt_tablet_paddings=&#8221;,,,&#8221; rt_tablet_wrapper_paddings=&#8221;,,,&#8221; rt_sp_margins=&#8221;,&#8221; rt_sp_paddings=&#8221;,,,&#8221; rt_sp_wrapper_paddings=&#8221;,,,&#8221; rt_bg_color=&#8221;&#8221; rt_bg_overlay_color=&#8221;&#8221;][vc_raw_html]JTNDYSUyMGhyZWYlM0QlMjJtYWlsdG8lM0FpbmZvJTQwbWV0YWFscmVjeWNsaW5nbW9lcmRpamsubmwlMjIlM0UlM0NpbWclMjBzcmMlM0QlMjIlMkZ3cC1jb250ZW50JTJGdXBsb2FkcyUyRkljb25fTWFpbC5zdmclMjIlM0VpbmZvJTQwbWV0YWFscmVjeWNsaW5nbW9lcmRpamsubmwlM0MlMkZhJTNF[\/vc_raw_html][\/vc_column][vc_column width=&#8221;1\/4&#8243; rt_bg_effect=&#8221;classic&#8221; rt_bg_image_repeat=&#8221;repeat&#8221; rt_bg_size=&#8221;auto auto&#8221; rt_bg_position=&#8221;right top&#8221; rt_bg_attachment=&#8221;scroll&#8221; rt_class=&#8221;rt-5646599&#8243; class=&#8221;contact-vak&#8221; rt_margins=&#8221;,&#8221; rt_paddings=&#8221;,,0,0&#8243; rt_wrapper_paddings=&#8221;,,,&#8221; rt_tablet_margins=&#8221;,&#8221; rt_tablet_paddings=&#8221;,,,&#8221; rt_tablet_wrapper_paddings=&#8221;,,,&#8221; rt_sp_margins=&#8221;,&#8221; rt_sp_paddings=&#8221;,,,&#8221; rt_sp_wrapper_paddings=&#8221;,,,&#8221; rt_bg_color=&#8221;&#8221; rt_bg_overlay_color=&#8221;&#8221;][vc_raw_html]JTNDYSUyMGhyZWYlM0QlMjIlMkZwbCUyRmtvbnRha3QlMkYlMjIlM0UlM0NpbWclMjBzcmMlM0QlMjIlMkZ3cC1jb250ZW50JTJGdXBsb2FkcyUyRkljb25fQ29udGFjdC5zdmclMjIlM0VXeXBlJUM1JTgybmklQzQlODclMjBmb3JtdWxhcnolM0MlMkZhJTNF[\/vc_raw_html][\/vc_column][vc_column width=&#8221;1\/4&#8243; rt_bg_effect=&#8221;classic&#8221; rt_bg_image_repeat=&#8221;repeat&#8221; rt_bg_size=&#8221;auto auto&#8221; rt_bg_position=&#8221;right top&#8221; rt_bg_attachment=&#8221;scroll&#8221; rt_class=&#8221;rt-3881399&#8243; class=&#8221;contact-maps&#8221; rt_margins=&#8221;,&#8221; rt_paddings=&#8221;,,0,0&#8243; rt_wrapper_paddings=&#8221;,,,&#8221; rt_tablet_margins=&#8221;,&#8221; rt_tablet_paddings=&#8221;,,,&#8221; rt_tablet_wrapper_paddings=&#8221;,,,&#8221; rt_sp_margins=&#8221;,&#8221; rt_sp_paddings=&#8221;,,,&#8221; rt_sp_wrapper_paddings=&#8221;,,,&#8221; rt_bg_color=&#8221;&#8221; rt_bg_overlay_color=&#8221;&#8221;][vc_gmaps link=&#8221;#E-8_JTNDaWZyYW1lJTIwc3JjJTNEJTIyaHR0cHMlM0ElMkYlMkZ3d3cuZ29vZ2xlLmNvbSUyRm1hcHMlMkZlbWJlZCUzRnBiJTNEJTIxMW0xOCUyMTFtMTIlMjExbTMlMjExZDI0NzQuNTc3NzI0NDE5NDA3MyUyMTJkNC41NTU2MjU5MTU5NzYxMjglMjEzZDUxLjY2NzU2NzQwNjgwMDM0JTIxMm0zJTIxMWYwJTIxMmYwJTIxM2YwJTIxM20yJTIxMWkxMDI0JTIxMmk3NjglMjE0ZjEzLjElMjEzbTMlMjExbTIlMjExczB4NDdjNDIzNDRlYWNiNTM1MyUyNTNBMHgzMmUzYTg2NDI3ZmVkOGYlMjEyc0t3YXJ0ZWx3ZWclMjUyMDUlMjUyQyUyNTIwNDc5MSUyNTIwUlAlMjUyMEtsdW5kZXJ0JTIxNWUwJTIxM20yJTIxMXNubCUyMTJzbmwlMjE0djE2NjI1NTI3MzcwMjUlMjE1bTIlMjExc25sJTIxMnNubCUyMiUyMHdpZHRoJTNEJTIyNjAwJTIyJTIwaGVpZ2h0JTNEJTIyMTgwJTIyJTIwc3R5bGUlM0QlMjJib3JkZXIlM0EwJTNCJTIyJTIwYWxsb3dmdWxsc2NyZWVuJTNEJTIyJTIyJTIwbG9hZGluZyUzRCUyMmxhenklMjIlMjByZWZlcnJlcnBvbGljeSUzRCUyMm5vLXJlZmVycmVyLXdoZW4tZG93bmdyYWRlJTIyJTNFJTNDJTJGaWZyYW1lJTNF&#8221;][\/vc_column][\/vc_row]<\/p>\n","protected":false},"excerpt":{"rendered":"<p>[vc_row rt_row_background_width=&#8221;fullwidth&#8221; rt_row_content_width=&#8221;default&#8221; rt_row_style=&#8221;default-style&#8221; rt_row_height=&#8221;&#8221; rt_column_gaps=&#8221;&#8221; rt_row_shadows=&#8221;&#8221; rt_row_borders=&#8221;&#8221; rt_bg_effect=&#8221;classic&#8221; rt_bg_image_repeat=&#8221;repeat&#8221; rt_bg_size=&#8221;cover&#8221; rt_bg_position=&#8221;right top&#8221; rt_bg_attachment=&#8221;scroll&#8221; rt_bg_layer=&#8221;&#8221; rt_bg_video_format=&#8221;self-hosted&#8221; rt_class=&#8221;rt-1458982&#8243; rt_paddings=&#8221;0,50,,&#8221; rt_margins=&#8221;,,,&#8221; rt_content_margins=&#8221;,,,&#8221; rt_tablet_paddings=&#8221;,,,&#8221; rt_tablet_margins=&#8221;,,,&#8221; rt_tablet_content_margins=&#8221;,,,&#8221; rt_sp_paddings=&#8221;20,20,,&#8221; rt_sp_margins=&#8221;,,,&#8221; rt_sp_content_margins=&#8221;,,,&#8221;][vc_column width=&#8221;3\/5&#8243; rt_bg_effect=&#8221;classic&#8221; rt_bg_image_repeat=&#8221;repeat&#8221; rt_bg_size=&#8221;auto auto&#8221; rt_bg_position=&#8221;right top&#8221; rt_bg_attachment=&#8221;scroll&#8221;][vc_raw_html el_class=&#8221;title_box-1&#8243;]JTNDaDMlM0VVcyVDNSU4MnVnaSUzQyUyRmgzJTNFJTBBJTNDaDIlM0VTa3VwJTIwbWV0YWxpJTIwJUM1JUJDZWxhem55Y2glMjBpJTIwbmllJUM1JUJDZWxhem55Y2glM0MlMkZoMiUzRQ==[\/vc_raw_html][vc_column_text]Jeste\u015b osob\u0105 prywatn\u0105 i masz jaki\u015b stary metal lub kable, kt\u00f3rych ju\u017c nie u\u017cywasz? Wiele metali jest dzi\u015b bardzo poszukiwanych. Dzi\u0119ki [&hellip;]<\/p>\n","protected":false},"author":1,"featured_media":0,"parent":0,"menu_order":0,"comment_status":"closed","ping_status":"closed","template":"","meta":{"inline_featured_image":false,"footnotes":""},"class_list":["post-1116","page","type-page","status-publish","hentry"],"yoast_head":"<!-- This site is optimized with the Yoast SEO plugin v27.5 - https:\/\/yoast.com\/product\/yoast-seo-wordpress\/ -->\n<title>Zakup os\u00f3b prywatnych - Metaalrecycling Moerdijk<\/title>\n<meta name=\"description\" content=\"Zakup os\u00f3b prywatnych. Oddaj swoje stare metale i kable do Metaalrecycling Moerdijk za niez\u0142\u0105 op\u0142at\u0105! Jeste\u015bmy gotowi na Ciebie!\" \/>\n<meta name=\"robots\" content=\"index, follow, max-snippet:-1, max-image-preview:large, max-video-preview:-1\" \/>\n<link rel=\"canonical\" href=\"https:\/\/www.metaalrecyclingmoerdijk.nl\/pl\/zakup-osob-prywatnych\/\" \/>\n<meta property=\"og:locale\" content=\"pl_PL\" \/>\n<meta property=\"og:type\" content=\"article\" \/>\n<meta property=\"og:title\" content=\"Zakup os\u00f3b prywatnych - Metaalrecycling Moerdijk\" \/>\n<meta property=\"og:description\" content=\"Zakup os\u00f3b prywatnych. Oddaj swoje stare metale i kable do Metaalrecycling Moerdijk za niez\u0142\u0105 op\u0142at\u0105! Jeste\u015bmy gotowi na Ciebie!\" \/>\n<meta property=\"og:url\" content=\"https:\/\/www.metaalrecyclingmoerdijk.nl\/pl\/zakup-osob-prywatnych\/\" \/>\n<meta property=\"og:site_name\" content=\"Metaalrecycling Moerdijk\" \/>\n<meta property=\"article:modified_time\" content=\"2023-07-10T12:34:32+00:00\" \/>\n<meta name=\"twitter:card\" content=\"summary_large_image\" \/>\n<meta name=\"twitter:label1\" content=\"Szacowany czas czytania\" \/>\n\t<meta name=\"twitter:data1\" content=\"3 minuty\" \/>\n<script type=\"application\/ld+json\" class=\"yoast-schema-graph\">{\"@context\":\"https:\\\/\\\/schema.org\",\"@graph\":[{\"@type\":\"WebPage\",\"@id\":\"https:\\\/\\\/www.metaalrecyclingmoerdijk.nl\\\/pl\\\/zakup-osob-prywatnych\\\/\",\"url\":\"https:\\\/\\\/www.metaalrecyclingmoerdijk.nl\\\/pl\\\/zakup-osob-prywatnych\\\/\",\"name\":\"Zakup os\u00f3b prywatnych - Metaalrecycling Moerdijk\",\"isPartOf\":{\"@id\":\"https:\\\/\\\/www.metaalrecyclingmoerdijk.nl\\\/#website\"},\"datePublished\":\"2022-09-07T06:25:42+00:00\",\"dateModified\":\"2023-07-10T12:34:32+00:00\",\"description\":\"Zakup os\u00f3b prywatnych. Oddaj swoje stare metale i kable do Metaalrecycling Moerdijk za niez\u0142\u0105 op\u0142at\u0105! Jeste\u015bmy gotowi na Ciebie!\",\"breadcrumb\":{\"@id\":\"https:\\\/\\\/www.metaalrecyclingmoerdijk.nl\\\/pl\\\/zakup-osob-prywatnych\\\/#breadcrumb\"},\"inLanguage\":\"pl-PL\",\"potentialAction\":[{\"@type\":\"ReadAction\",\"target\":[\"https:\\\/\\\/www.metaalrecyclingmoerdijk.nl\\\/pl\\\/zakup-osob-prywatnych\\\/\"]}]},{\"@type\":\"BreadcrumbList\",\"@id\":\"https:\\\/\\\/www.metaalrecyclingmoerdijk.nl\\\/pl\\\/zakup-osob-prywatnych\\\/#breadcrumb\",\"itemListElement\":[{\"@type\":\"ListItem\",\"position\":1,\"name\":\"Home\",\"item\":\"https:\\\/\\\/www.metaalrecyclingmoerdijk.nl\\\/pl\\\/\"},{\"@type\":\"ListItem\",\"position\":2,\"name\":\"Zakup os\u00f3b prywatnych\"}]},{\"@type\":\"WebSite\",\"@id\":\"https:\\\/\\\/www.metaalrecyclingmoerdijk.nl\\\/#website\",\"url\":\"https:\\\/\\\/www.metaalrecyclingmoerdijk.nl\\\/\",\"name\":\"Metaalrecycling Moerdijk\",\"description\":\"Al 12,5 jaar lang\\r\\nstaan wij voor u klaar!\",\"potentialAction\":[{\"@type\":\"SearchAction\",\"target\":{\"@type\":\"EntryPoint\",\"urlTemplate\":\"https:\\\/\\\/www.metaalrecyclingmoerdijk.nl\\\/?s={search_term_string}\"},\"query-input\":{\"@type\":\"PropertyValueSpecification\",\"valueRequired\":true,\"valueName\":\"search_term_string\"}}],\"inLanguage\":\"pl-PL\"}]}<\/script>\n<!-- \/ Yoast SEO plugin. -->","yoast_head_json":{"title":"Zakup os\u00f3b prywatnych - Metaalrecycling Moerdijk","description":"Zakup os\u00f3b prywatnych. Oddaj swoje stare metale i kable do Metaalrecycling Moerdijk za niez\u0142\u0105 op\u0142at\u0105! Jeste\u015bmy gotowi na Ciebie!","robots":{"index":"index","follow":"follow","max-snippet":"max-snippet:-1","max-image-preview":"max-image-preview:large","max-video-preview":"max-video-preview:-1"},"canonical":"https:\/\/www.metaalrecyclingmoerdijk.nl\/pl\/zakup-osob-prywatnych\/","og_locale":"pl_PL","og_type":"article","og_title":"Zakup os\u00f3b prywatnych - Metaalrecycling Moerdijk","og_description":"Zakup os\u00f3b prywatnych. Oddaj swoje stare metale i kable do Metaalrecycling Moerdijk za niez\u0142\u0105 op\u0142at\u0105! Jeste\u015bmy gotowi na Ciebie!","og_url":"https:\/\/www.metaalrecyclingmoerdijk.nl\/pl\/zakup-osob-prywatnych\/","og_site_name":"Metaalrecycling Moerdijk","article_modified_time":"2023-07-10T12:34:32+00:00","twitter_card":"summary_large_image","twitter_misc":{"Szacowany czas czytania":"3 minuty"},"schema":{"@context":"https:\/\/schema.org","@graph":[{"@type":"WebPage","@id":"https:\/\/www.metaalrecyclingmoerdijk.nl\/pl\/zakup-osob-prywatnych\/","url":"https:\/\/www.metaalrecyclingmoerdijk.nl\/pl\/zakup-osob-prywatnych\/","name":"Zakup os\u00f3b prywatnych - Metaalrecycling Moerdijk","isPartOf":{"@id":"https:\/\/www.metaalrecyclingmoerdijk.nl\/#website"},"datePublished":"2022-09-07T06:25:42+00:00","dateModified":"2023-07-10T12:34:32+00:00","description":"Zakup os\u00f3b prywatnych. Oddaj swoje stare metale i kable do Metaalrecycling Moerdijk za niez\u0142\u0105 op\u0142at\u0105! Jeste\u015bmy gotowi na Ciebie!","breadcrumb":{"@id":"https:\/\/www.metaalrecyclingmoerdijk.nl\/pl\/zakup-osob-prywatnych\/#breadcrumb"},"inLanguage":"pl-PL","potentialAction":[{"@type":"ReadAction","target":["https:\/\/www.metaalrecyclingmoerdijk.nl\/pl\/zakup-osob-prywatnych\/"]}]},{"@type":"BreadcrumbList","@id":"https:\/\/www.metaalrecyclingmoerdijk.nl\/pl\/zakup-osob-prywatnych\/#breadcrumb","itemListElement":[{"@type":"ListItem","position":1,"name":"Home","item":"https:\/\/www.metaalrecyclingmoerdijk.nl\/pl\/"},{"@type":"ListItem","position":2,"name":"Zakup os\u00f3b prywatnych"}]},{"@type":"WebSite","@id":"https:\/\/www.metaalrecyclingmoerdijk.nl\/#website","url":"https:\/\/www.metaalrecyclingmoerdijk.nl\/","name":"Metaalrecycling Moerdijk","description":"Al 12,5 jaar lang\r\nstaan wij voor u klaar!","potentialAction":[{"@type":"SearchAction","target":{"@type":"EntryPoint","urlTemplate":"https:\/\/www.metaalrecyclingmoerdijk.nl\/?s={search_term_string}"},"query-input":{"@type":"PropertyValueSpecification","valueRequired":true,"valueName":"search_term_string"}}],"inLanguage":"pl-PL"}]}},"_links":{"self":[{"href":"https:\/\/www.metaalrecyclingmoerdijk.nl\/pl\/wp-json\/wp\/v2\/pages\/1116","targetHints":{"allow":["GET"]}}],"collection":[{"href":"https:\/\/www.metaalrecyclingmoerdijk.nl\/pl\/wp-json\/wp\/v2\/pages"}],"about":[{"href":"https:\/\/www.metaalrecyclingmoerdijk.nl\/pl\/wp-json\/wp\/v2\/types\/page"}],"author":[{"embeddable":true,"href":"https:\/\/www.metaalrecyclingmoerdijk.nl\/pl\/wp-json\/wp\/v2\/users\/1"}],"replies":[{"embeddable":true,"href":"https:\/\/www.metaalrecyclingmoerdijk.nl\/pl\/wp-json\/wp\/v2\/comments?post=1116"}],"version-history":[{"count":4,"href":"https:\/\/www.metaalrecyclingmoerdijk.nl\/pl\/wp-json\/wp\/v2\/pages\/1116\/revisions"}],"predecessor-version":[{"id":1168,"href":"https:\/\/www.metaalrecyclingmoerdijk.nl\/pl\/wp-json\/wp\/v2\/pages\/1116\/revisions\/1168"}],"wp:attachment":[{"href":"https:\/\/www.metaalrecyclingmoerdijk.nl\/pl\/wp-json\/wp\/v2\/media?parent=1116"}],"curies":[{"name":"wp","href":"https:\/\/api.w.org\/{rel}","templated":true}]}}