{"id":1119,"date":"2022-09-07T07:36:24","date_gmt":"2022-09-07T07:36:24","guid":{"rendered":"https:\/\/www.metaalrecyclingmoerdijk.nl\/containerservice\/"},"modified":"2023-07-10T12:34:50","modified_gmt":"2023-07-10T12:34:50","slug":"obsluga-kontenerow","status":"publish","type":"page","link":"https:\/\/www.metaalrecyclingmoerdijk.nl\/pl\/obsluga-kontenerow\/","title":{"rendered":"Obs\u0142uga kontener\u00f3w"},"content":{"rendered":"<p>[vc_row rt_row_background_width=&#8221;fullwidth&#8221; rt_row_content_width=&#8221;default&#8221; rt_row_style=&#8221;default-style&#8221; rt_row_height=&#8221;&#8221; rt_column_gaps=&#8221;&#8221; rt_row_shadows=&#8221;&#8221; rt_row_borders=&#8221;&#8221; rt_bg_effect=&#8221;classic&#8221; rt_bg_image_repeat=&#8221;repeat&#8221; rt_bg_size=&#8221;cover&#8221; rt_bg_position=&#8221;right top&#8221; rt_bg_attachment=&#8221;scroll&#8221; rt_bg_layer=&#8221;&#8221; rt_bg_video_format=&#8221;self-hosted&#8221; rt_class=&#8221;rt-1458982&#8243; rt_paddings=&#8221;0,50,,&#8221; rt_margins=&#8221;,,,&#8221; rt_content_margins=&#8221;,,,&#8221; rt_tablet_paddings=&#8221;,,,&#8221; rt_tablet_margins=&#8221;,,,&#8221; rt_tablet_content_margins=&#8221;,,,&#8221; rt_sp_paddings=&#8221;20,20,,&#8221; rt_sp_margins=&#8221;,,,&#8221; rt_sp_content_margins=&#8221;,,,&#8221;][vc_column width=&#8221;3\/5&#8243; rt_bg_effect=&#8221;classic&#8221; rt_bg_image_repeat=&#8221;repeat&#8221; rt_bg_size=&#8221;auto auto&#8221; rt_bg_position=&#8221;right top&#8221; rt_bg_attachment=&#8221;scroll&#8221;][vc_raw_html el_class=&#8221;title_box-1&#8243;]JTNDaDMlM0VVcyVDNSU4MnVnaSUzQyUyRmgzJTNFJTBBJTNDaDIlM0VPZGJpJUMzJUIzciUyMG9zb2Jpc3R5JTIwbHViJTIwd3ltaWFuYSUzQyUyRmgyJTNF[\/vc_raw_html][vc_column_text]Jeste\u015b osob\u0105 prywatn\u0105 i spodziewasz si\u0119, \u017ce w nied\u0142ugim czasie b\u0119dziesz m\u00f3g\u0142 odda\u0107 du\u017c\u0105 parti\u0119 metalu, na przyk\u0142ad w zwi\u0105zku z remontem lub adaptacj\u0105 Twojego domu? A mo\u017ce Twoja firma regularnie odbiera lub przekazuje du\u017ce partie metalu? W takim razie nasz serwis kontenerowy mo\u017ce by\u0107 dla Ciebie dobrym rozwi\u0105zaniem. W ten spos\u00f3b nie trzeba doje\u017cd\u017ca\u0107 do i z naszego placu, ale kontener jest odbierany iw razie potrzeby wymieniany, gdy jest pe\u0142ny. Teraz to jest obs\u0142uga![\/vc_column_text][vc_raw_html el_class=&#8221;opsomming&#8221;]JTNDaDMlM0UlM0NzcGFuJTIwY2xhc3MlM0QlMjJpY29uLW9rJTIwaWNvbiUyMiUzRSUzQyUyRnNwYW4lM0VXeW1pZW5pb25lJTIwdyUyMHJhemllJTIwcG90cnplYnklMjAlM0MlMkZoMyUzRSUwQSUzQ2gzJTNFJTNDc3BhbiUyMGNsYXNzJTNEJTIyaWNvbi1vayUyMGljb24lMjIlM0UlM0MlMkZzcGFuJTNFVXMlQzUlODJ1Z2ElMjBvZGJpb3J1JTIwbmElMjBtaWVqc2N1JTNDJTJGaDMlM0UlMEE=[\/vc_raw_html][\/vc_column][vc_column width=&#8221;2\/5&#8243; rt_bg_effect=&#8221;classic&#8221; rt_bg_image_repeat=&#8221;repeat&#8221; rt_bg_size=&#8221;auto auto&#8221; rt_bg_position=&#8221;right top&#8221; rt_bg_attachment=&#8221;scroll&#8221;][vc_single_image image=&#8221;297&#8243; img_size=&#8221;full&#8221; onclick=&#8221;link_image&#8221; el_class=&#8221;vervolg-image_1&#8243;][vc_single_image image=&#8221;290&#8243; img_size=&#8221;full&#8221; onclick=&#8221;link_image&#8221; el_class=&#8221;vervolg-image_2&#8243;][\/vc_column][\/vc_row][vc_row rt_row_background_width=&#8221;fullwidth&#8221; rt_row_content_width=&#8221;default&#8221; rt_row_style=&#8221;default-style&#8221; rt_row_height=&#8221;min_height&#8221; rt_holder_placement=&#8221;middle&#8221; rt_column_placement=&#8221;middle&#8221; rt_column_gaps=&#8221;&#8221; rt_row_shadows=&#8221;&#8221; rt_row_borders=&#8221;top&#8221; rt_bg_effect=&#8221;classic&#8221; rt_bg_image_repeat=&#8221;repeat&#8221; rt_bg_size=&#8221;cover&#8221; rt_bg_position=&#8221;right top&#8221; rt_bg_attachment=&#8221;scroll&#8221; rt_bg_layer=&#8221;&#8221; rt_bg_video_format=&#8221;self-hosted&#8221; rt_class=&#8221;rt-7424099&#8243; rt_paddings=&#8221;,,,&#8221; rt_margins=&#8221;,,,&#8221; rt_content_margins=&#8221;,,,&#8221; rt_tablet_paddings=&#8221;,,,&#8221; rt_tablet_margins=&#8221;,,,&#8221; rt_tablet_content_margins=&#8221;,,,&#8221; rt_sp_paddings=&#8221;,0,,&#8221; rt_sp_margins=&#8221;,,,&#8221; rt_sp_content_margins=&#8221;,,,&#8221; rt_min_row_height=&#8221;500&#8243;][vc_column width=&#8221;1\/2&#8243; rt_bg_effect=&#8221;classic&#8221; rt_bg_image_repeat=&#8221;repeat&#8221; rt_bg_size=&#8221;auto auto&#8221; rt_bg_position=&#8221;right top&#8221; rt_bg_attachment=&#8221;scroll&#8221; rt_class=&#8221;rt-4542356&#8243; class=&#8221;nekst-vak&#8221; rt_margins=&#8221;,&#8221; rt_paddings=&#8221;,,,&#8221; rt_wrapper_paddings=&#8221;,,,&#8221; rt_tablet_margins=&#8221;,&#8221; rt_tablet_paddings=&#8221;,,,&#8221; rt_tablet_wrapper_paddings=&#8221;,,,&#8221; rt_sp_margins=&#8221;,&#8221; rt_sp_paddings=&#8221;,,,&#8221; rt_sp_wrapper_paddings=&#8221;,,,&#8221; rt_bg_color=&#8221;&#8221; rt_bg_overlay_color=&#8221;&#8221;][vc_raw_html el_class=&#8221;title_box-1&#8243;]JTNDaDMlM0VEaWVuc3RlbiUzQyUyRmgzJTNFJTBBJTNDaDIlM0VOYXN6ZSUyMGtvbnRlbmVyeSUzQyUyRmgyJTNF[\/vc_raw_html][vc_column_text]W magazynie mamy oko\u0142o czterdziestu do pi\u0119\u0107dziesi\u0119ciu kontener\u00f3w, kt\u00f3re s\u0105 gotowe do szybkiej dostawy na miejsce. W regionie Moerdijk robimy to za darmo i za darmo. Twoja lokalizacja jest poza regionem? Nawet wtedy mo\u017cesz skorzysta\u0107 z naszej us\u0142ugi za op\u0142at\u0105. Jeste\u015b zainteresowany naszym serwisem kontenerowym lub potrzebujesz wi\u0119cej informacji? Na przyk\u0142ad o kosztach sta\u017cu poza regionem Moerdijk? Nie wahaj si\u0119 z nami skontaktowa\u0107, ch\u0119tnie opowiemy Ci wi\u0119cej.[\/vc_column_text][\/vc_column][vc_column width=&#8221;1\/2&#8243; rt_bg_effect=&#8221;classic&#8221; rt_bg_image_repeat=&#8221;repeat&#8221; rt_bg_size=&#8221;auto auto&#8221; rt_bg_position=&#8221;right top&#8221; rt_bg_attachment=&#8221;scroll&#8221; rt_class=&#8221;rt-4229555&#8243; class=&#8221;next-image&#8221; rt_margins=&#8221;,&#8221; rt_paddings=&#8221;,,,&#8221; rt_wrapper_paddings=&#8221;,,,&#8221; rt_tablet_margins=&#8221;,&#8221; rt_tablet_paddings=&#8221;,,,&#8221; rt_tablet_wrapper_paddings=&#8221;,,,&#8221; rt_sp_margins=&#8221;,&#8221; rt_sp_paddings=&#8221;,,,&#8221; rt_sp_wrapper_paddings=&#8221;,,,&#8221; rt_bg_color=&#8221;&#8221; rt_bg_overlay_color=&#8221;&#8221;][\/vc_column][vc_column width=&#8221;1\/2&#8243; rt_bg_effect=&#8221;classic&#8221; rt_bg_image_repeat=&#8221;repeat&#8221; rt_bg_size=&#8221;auto auto&#8221; rt_bg_position=&#8221;right top&#8221; rt_bg_attachment=&#8221;scroll&#8221; rt_class=&#8221;rt-7622934&#8243; class=&#8221;next-achtergrond&#8221; rt_margins=&#8221;,&#8221; rt_paddings=&#8221;,,0,0&#8243; rt_wrapper_paddings=&#8221;,,,&#8221; rt_tablet_margins=&#8221;,&#8221; rt_tablet_paddings=&#8221;,,,&#8221; rt_tablet_wrapper_paddings=&#8221;,,,&#8221; rt_sp_margins=&#8221;,&#8221; rt_sp_paddings=&#8221;,,,&#8221; rt_sp_wrapper_paddings=&#8221;,,,&#8221; rt_bg_color=&#8221;&#8221; rt_bg_overlay_color=&#8221;&#8221;][vc_gmaps link=&#8221;#E-8_JTNDaWZyYW1lJTIwc3JjJTNEJTIyaHR0cHMlM0ElMkYlMkZ3d3cuZ29vZ2xlLmNvbSUyRm1hcHMlMkZlbWJlZCUzRnBiJTNEJTIxMW0xOCUyMTFtMTIlMjExbTMlMjExZDI0NzQuNTgwNzcyNDI3Njk4MyUyMTJkNC41NTU2MjIzMTU5NzYxMTElMjEzZDUxLjY2NzUxMTYwNjgwNDQzJTIxMm0zJTIxMWYwJTIxMmYwJTIxM2YwJTIxM20yJTIxMWkxMDI0JTIxMmk3NjglMjE0ZjEzLjElMjEzbTMlMjExbTIlMjExczB4NDdjNDIzNDQ5NTI5OTVhZCUyNTNBMHg4MjEyYTk2OWZiOTc5MDElMjEyc01ldGFhbHJlY3ljbGluZyUyNTIwTW9lcmRpamslMjE1ZTAlMjEzbTIlMjExc25sJTIxMnNubCUyMTR2MTY2MjcwNzg4NzE2NCUyMTVtMiUyMTFzbmwlMjEyc25sJTIyJTIwd2lkdGglM0QlMjI2MDAlMjIlMjBoZWlnaHQlM0QlMjI1MDAlMjIlMjBzdHlsZSUzRCUyMmJvcmRlciUzQTAlM0IlMjIlMjBhbGxvd2Z1bGxzY3JlZW4lM0QlMjIlMjIlMjBsb2FkaW5nJTNEJTIybGF6eSUyMiUyMHJlZmVycmVycG9saWN5JTNEJTIybm8tcmVmZXJyZXItd2hlbi1kb3duZ3JhZGUlMjIlM0UlM0MlMkZpZnJhbWUlM0U=&#8221;][\/vc_column][\/vc_row][vc_row css_animation=&#8221;none&#8221; rt_row_background_width=&#8221;fullwidth&#8221; rt_row_content_width=&#8221;default&#8221; rt_row_style=&#8221;alt-style-1&#8243; rt_row_height=&#8221;&#8221; rt_column_placement=&#8221;middle&#8221; rt_column_gaps=&#8221;&#8221; rt_row_shadows=&#8221;&#8221; rt_row_borders=&#8221;&#8221; rt_bg_effect=&#8221;classic&#8221; rt_bg_image_repeat=&#8221;repeat&#8221; rt_bg_size=&#8221;cover&#8221; rt_bg_position=&#8221;right top&#8221; rt_bg_attachment=&#8221;scroll&#8221; rt_bg_layer=&#8221;&#8221; rt_bg_video_format=&#8221;self-hosted&#8221; rt_class=&#8221;rt-1584216&#8243; rt_paddings=&#8221;,125px,,&#8221; rt_margins=&#8221;,,,&#8221; rt_content_margins=&#8221;,,,&#8221; rt_tablet_paddings=&#8221;,,,&#8221; rt_tablet_margins=&#8221;,,,&#8221; rt_tablet_content_margins=&#8221;,,,&#8221; rt_sp_paddings=&#8221;,25,,&#8221; rt_sp_margins=&#8221;,,,&#8221; rt_sp_content_margins=&#8221;,,,&#8221; class=&#8221;app-row&#8221;][vc_column width=&#8221;1\/4&#8243; rt_bg_effect=&#8221;classic&#8221; rt_bg_image_repeat=&#8221;repeat&#8221; rt_bg_size=&#8221;auto auto&#8221; rt_bg_position=&#8221;right top&#8221; rt_bg_attachment=&#8221;scroll&#8221; rt_class=&#8221;rt-8924811&#8243; class=&#8221;app-stores&#8221; rt_margins=&#8221;,&#8221; rt_paddings=&#8221;,,,&#8221; rt_wrapper_paddings=&#8221;,,,&#8221; rt_tablet_margins=&#8221;,&#8221; rt_tablet_paddings=&#8221;,,,&#8221; rt_tablet_wrapper_paddings=&#8221;,,,&#8221; rt_sp_margins=&#8221;,&#8221; rt_sp_paddings=&#8221;,,,&#8221; rt_sp_wrapper_paddings=&#8221;,,,&#8221; rt_bg_color=&#8221;&#8221; rt_bg_overlay_color=&#8221;&#8221;][vc_raw_html]JTNDdGFibGUlM0UlMEElM0N0Ym9keSUzRSUwQSUzQ3RyJTNFJTBBJTNDdGQlMjBjbGFzcyUzRCUyMmdvb2dsZXBsYXklMjIlMjBjb2xzcGFuJTNEJTIyMiUyMiUzRSUzQ2ElMjBocmVmJTNEJTIyaHR0cHMlM0ElMkYlMkZwbGF5Lmdvb2dsZS5jb20lMkZzdG9yZSUyRmFwcHMlMkZkZXRhaWxzJTNGaWQlM0Rjb20uY29uZ3JlYXRzLm1ldGFhbHJlY3ljbGluZ21vZXJkaWprJTIyJTNFJTNDaW1nJTIwc3JjJTNEJTIyJTJGd3AtY29udGVudCUyRnVwbG9hZHMlMkZCdXR0b25fcGxheXN0b3JlLTEucG5nJTIyJTNFJTNDJTJGYSUzRSUzQyUyRnRkJTNFJTBBJTNDJTJGdHIlM0UlMEElM0N0ciUzRSUwQSUzQ3RkJTIwY2xhc3MlM0QlMjJhcHBsZXN0b3JlJTIyJTIwY29sc3BhbiUzRCUyMjIlMjIlM0UlM0NhJTIwaHJlZiUzRCUyMiUyMGh0dHBzJTNBJTJGJTJGYXBwcy5hcHBsZS5jb20lMkZubCUyRmFwcCUyRm1ldGFhbHJlY3ljbGluZy1tb2VyZGlqayUyRmlkMTY1OTUxNTk3OSUyMiUzRSUzQ2ltZyUyMHNyYyUzRCUyMiUyRndwLWNvbnRlbnQlMkZ1cGxvYWRzJTJGQnV0dG9uX2FwcHN0b3JlLTEucG5nJTIyJTNFJTNDJTJGYSUzRSUzQyUyRnRkJTNFJTBBJTNDJTJGdHIlM0UlMEElM0MlMkZ0Ym9keSUzRSUwQSUzQyUyRnRhYmxlJTNF[\/vc_raw_html][\/vc_column][vc_column width=&#8221;2\/4&#8243; rt_bg_effect=&#8221;classic&#8221; rt_bg_image_repeat=&#8221;repeat&#8221; rt_bg_size=&#8221;auto auto&#8221; rt_bg_position=&#8221;right top&#8221; rt_bg_attachment=&#8221;scroll&#8221;]<div class=\"rt-heading-wrapper text-left rt-8213115\">\n\t\t\t\t\t\t<h3 class=\"rt-heading\" >Pobierz nasz\u0105 aplikacj\u0119!<\/h3>\n\t\t\t\t\t<\/div>[vc_raw_html]JTNDcCUzRUklMjBiJUM0JTg1ZCVDNSVCQSUyMHphd3N6ZSUyMG5hJTIwYmllJUM1JUJDJUM0JTg1Y28lMjB6JTIwbmFqbm93c3p5bWklMjAlM0NzcGFuJTNFY2VueSUyMG1ldGFsaSUyMSUzQyUyRnNwYW4lM0UlM0MlMkZwJTNF[\/vc_raw_html][\/vc_column][vc_column width=&#8221;1\/4&#8243; rt_bg_effect=&#8221;classic&#8221; rt_bg_image_repeat=&#8221;repeat&#8221; rt_bg_size=&#8221;auto auto&#8221; rt_bg_position=&#8221;right top&#8221; rt_bg_attachment=&#8221;scroll&#8221; rt_class=&#8221;rt-7104709&#8243; class=&#8221;mock-up&#8221; rt_margins=&#8221;,&#8221; rt_paddings=&#8221;,,,&#8221; rt_wrapper_paddings=&#8221;,,,&#8221; rt_tablet_margins=&#8221;,&#8221; rt_tablet_paddings=&#8221;,,,&#8221; rt_tablet_wrapper_paddings=&#8221;,,,&#8221; rt_sp_margins=&#8221;,&#8221; rt_sp_paddings=&#8221;,,,&#8221; rt_sp_wrapper_paddings=&#8221;,,,&#8221; rt_bg_color=&#8221;&#8221; rt_bg_overlay_color=&#8221;&#8221;][vc_single_image image=&#8221;310&#8243; img_size=&#8221;full&#8221; alignment=&#8221;center&#8221;][\/vc_column][\/vc_row][vc_row rt_row_background_width=&#8221;fullwidth&#8221; rt_row_content_width=&#8221;default&#8221; rt_row_style=&#8221;default-style&#8221; rt_row_height=&#8221;&#8221; rt_column_placement=&#8221;middle&#8221; rt_column_gaps=&#8221;&#8221; rt_row_shadows=&#8221;&#8221; rt_row_borders=&#8221;&#8221; rt_bg_effect=&#8221;classic&#8221; rt_bg_image_repeat=&#8221;repeat&#8221; rt_bg_size=&#8221;cover&#8221; rt_bg_position=&#8221;right top&#8221; rt_bg_attachment=&#8221;scroll&#8221; rt_bg_layer=&#8221;&#8221; rt_bg_video_format=&#8221;self-hosted&#8221; rt_class=&#8221;rt-3116200&#8243; class=&#8221;contactrow&#8221; rt_paddings=&#8221;,,,&#8221; rt_margins=&#8221;,,,&#8221; rt_content_margins=&#8221;,,,&#8221; rt_tablet_paddings=&#8221;,,,&#8221; rt_tablet_margins=&#8221;,,,&#8221; rt_tablet_content_margins=&#8221;,,,&#8221; rt_sp_paddings=&#8221;,,,&#8221; rt_sp_margins=&#8221;,,,&#8221; rt_sp_content_margins=&#8221;,,,&#8221;][vc_column width=&#8221;1\/4&#8243; rt_bg_effect=&#8221;classic&#8221; rt_bg_image_repeat=&#8221;repeat&#8221; rt_bg_size=&#8221;auto auto&#8221; rt_bg_position=&#8221;right top&#8221; rt_bg_attachment=&#8221;scroll&#8221; rt_class=&#8221;rt-4970053&#8243; class=&#8221;contact-vak&#8221; rt_margins=&#8221;,&#8221; rt_paddings=&#8221;,,0,0&#8243; rt_wrapper_paddings=&#8221;,,,&#8221; rt_tablet_margins=&#8221;,&#8221; rt_tablet_paddings=&#8221;,,,&#8221; rt_tablet_wrapper_paddings=&#8221;,,,&#8221; rt_sp_margins=&#8221;,&#8221; rt_sp_paddings=&#8221;,,,&#8221; rt_sp_wrapper_paddings=&#8221;,,,&#8221; rt_bg_color=&#8221;&#8221; rt_bg_overlay_color=&#8221;&#8221;][vc_raw_html]JTNDYSUyMGhyZWYlM0QlMjJ0ZWwlM0ElMkIzMTE2ODM4MTExMyUyMiUzRSUzQ2ltZyUyMHNyYyUzRCUyMiUyRndwLWNvbnRlbnQlMkZ1cGxvYWRzJTJGSWNvbl9QaG9uZS5zdmclMjIlM0UlMkIlMjgzMSUyOTE2OC0zODExMTMlM0MlMkZhJTNF[\/vc_raw_html][\/vc_column][vc_column width=&#8221;1\/4&#8243; rt_bg_effect=&#8221;classic&#8221; rt_bg_image_repeat=&#8221;repeat&#8221; rt_bg_size=&#8221;auto auto&#8221; rt_bg_position=&#8221;right top&#8221; rt_bg_attachment=&#8221;scroll&#8221; rt_class=&#8221;rt-5711280&#8243; class=&#8221;contact-vak&#8221; rt_margins=&#8221;,&#8221; rt_paddings=&#8221;,,0,0&#8243; rt_wrapper_paddings=&#8221;,,,&#8221; rt_tablet_margins=&#8221;,&#8221; rt_tablet_paddings=&#8221;,,,&#8221; rt_tablet_wrapper_paddings=&#8221;,,,&#8221; rt_sp_margins=&#8221;,&#8221; rt_sp_paddings=&#8221;,,,&#8221; rt_sp_wrapper_paddings=&#8221;,,,&#8221; rt_bg_color=&#8221;&#8221; rt_bg_overlay_color=&#8221;&#8221;][vc_raw_html]JTNDYSUyMGhyZWYlM0QlMjJtYWlsdG8lM0FpbmZvJTQwbWV0YWFscmVjeWNsaW5nbW9lcmRpamsubmwlMjIlM0UlM0NpbWclMjBzcmMlM0QlMjIlMkZ3cC1jb250ZW50JTJGdXBsb2FkcyUyRkljb25fTWFpbC5zdmclMjIlM0VpbmZvJTQwbWV0YWFscmVjeWNsaW5nbW9lcmRpamsubmwlM0MlMkZhJTNF[\/vc_raw_html][\/vc_column][vc_column width=&#8221;1\/4&#8243; rt_bg_effect=&#8221;classic&#8221; rt_bg_image_repeat=&#8221;repeat&#8221; rt_bg_size=&#8221;auto auto&#8221; rt_bg_position=&#8221;right top&#8221; rt_bg_attachment=&#8221;scroll&#8221; rt_class=&#8221;rt-5646599&#8243; class=&#8221;contact-vak&#8221; rt_margins=&#8221;,&#8221; rt_paddings=&#8221;,,0,0&#8243; rt_wrapper_paddings=&#8221;,,,&#8221; rt_tablet_margins=&#8221;,&#8221; rt_tablet_paddings=&#8221;,,,&#8221; rt_tablet_wrapper_paddings=&#8221;,,,&#8221; rt_sp_margins=&#8221;,&#8221; rt_sp_paddings=&#8221;,,,&#8221; rt_sp_wrapper_paddings=&#8221;,,,&#8221; rt_bg_color=&#8221;&#8221; rt_bg_overlay_color=&#8221;&#8221;][vc_raw_html]JTNDYSUyMGhyZWYlM0QlMjIlMkZwbCUyRmtvbnRha3QlMkYlMjIlM0UlM0NpbWclMjBzcmMlM0QlMjIlMkZ3cC1jb250ZW50JTJGdXBsb2FkcyUyRkljb25fQ29udGFjdC5zdmclMjIlM0VXeXBlJUM1JTgybmklQzQlODclMjBmb3JtdWxhcnolM0MlMkZhJTNF[\/vc_raw_html][\/vc_column][vc_column width=&#8221;1\/4&#8243; rt_bg_effect=&#8221;classic&#8221; rt_bg_image_repeat=&#8221;repeat&#8221; rt_bg_size=&#8221;auto auto&#8221; rt_bg_position=&#8221;right top&#8221; rt_bg_attachment=&#8221;scroll&#8221; rt_class=&#8221;rt-3881399&#8243; class=&#8221;contact-maps&#8221; rt_margins=&#8221;,&#8221; rt_paddings=&#8221;,,0,0&#8243; rt_wrapper_paddings=&#8221;,,,&#8221; rt_tablet_margins=&#8221;,&#8221; rt_tablet_paddings=&#8221;,,,&#8221; rt_tablet_wrapper_paddings=&#8221;,,,&#8221; rt_sp_margins=&#8221;,&#8221; rt_sp_paddings=&#8221;,,,&#8221; rt_sp_wrapper_paddings=&#8221;,,,&#8221; rt_bg_color=&#8221;&#8221; rt_bg_overlay_color=&#8221;&#8221;][vc_gmaps link=&#8221;#E-8_JTNDaWZyYW1lJTIwc3JjJTNEJTIyaHR0cHMlM0ElMkYlMkZ3d3cuZ29vZ2xlLmNvbSUyRm1hcHMlMkZlbWJlZCUzRnBiJTNEJTIxMW0xOCUyMTFtMTIlMjExbTMlMjExZDI0NzQuNTc3NzI0NDE5NDA3MyUyMTJkNC41NTU2MjU5MTU5NzYxMjglMjEzZDUxLjY2NzU2NzQwNjgwMDM0JTIxMm0zJTIxMWYwJTIxMmYwJTIxM2YwJTIxM20yJTIxMWkxMDI0JTIxMmk3NjglMjE0ZjEzLjElMjEzbTMlMjExbTIlMjExczB4NDdjNDIzNDRlYWNiNTM1MyUyNTNBMHgzMmUzYTg2NDI3ZmVkOGYlMjEyc0t3YXJ0ZWx3ZWclMjUyMDUlMjUyQyUyNTIwNDc5MSUyNTIwUlAlMjUyMEtsdW5kZXJ0JTIxNWUwJTIxM20yJTIxMXNubCUyMTJzbmwlMjE0djE2NjI1NTI3MzcwMjUlMjE1bTIlMjExc25sJTIxMnNubCUyMiUyMHdpZHRoJTNEJTIyNjAwJTIyJTIwaGVpZ2h0JTNEJTIyMTgwJTIyJTIwc3R5bGUlM0QlMjJib3JkZXIlM0EwJTNCJTIyJTIwYWxsb3dmdWxsc2NyZWVuJTNEJTIyJTIyJTIwbG9hZGluZyUzRCUyMmxhenklMjIlMjByZWZlcnJlcnBvbGljeSUzRCUyMm5vLXJlZmVycmVyLXdoZW4tZG93bmdyYWRlJTIyJTNFJTNDJTJGaWZyYW1lJTNF&#8221;][\/vc_column][\/vc_row]<\/p>\n","protected":false},"excerpt":{"rendered":"<p>[vc_row rt_row_background_width=&#8221;fullwidth&#8221; rt_row_content_width=&#8221;default&#8221; rt_row_style=&#8221;default-style&#8221; rt_row_height=&#8221;&#8221; rt_column_gaps=&#8221;&#8221; rt_row_shadows=&#8221;&#8221; rt_row_borders=&#8221;&#8221; rt_bg_effect=&#8221;classic&#8221; rt_bg_image_repeat=&#8221;repeat&#8221; rt_bg_size=&#8221;cover&#8221; rt_bg_position=&#8221;right top&#8221; rt_bg_attachment=&#8221;scroll&#8221; rt_bg_layer=&#8221;&#8221; rt_bg_video_format=&#8221;self-hosted&#8221; rt_class=&#8221;rt-1458982&#8243; rt_paddings=&#8221;0,50,,&#8221; rt_margins=&#8221;,,,&#8221; rt_content_margins=&#8221;,,,&#8221; rt_tablet_paddings=&#8221;,,,&#8221; rt_tablet_margins=&#8221;,,,&#8221; rt_tablet_content_margins=&#8221;,,,&#8221; rt_sp_paddings=&#8221;20,20,,&#8221; rt_sp_margins=&#8221;,,,&#8221; rt_sp_content_margins=&#8221;,,,&#8221;][vc_column width=&#8221;3\/5&#8243; rt_bg_effect=&#8221;classic&#8221; rt_bg_image_repeat=&#8221;repeat&#8221; rt_bg_size=&#8221;auto auto&#8221; rt_bg_position=&#8221;right top&#8221; rt_bg_attachment=&#8221;scroll&#8221;][vc_raw_html el_class=&#8221;title_box-1&#8243;]JTNDaDMlM0VVcyVDNSU4MnVnaSUzQyUyRmgzJTNFJTBBJTNDaDIlM0VPZGJpJUMzJUIzciUyMG9zb2Jpc3R5JTIwbHViJTIwd3ltaWFuYSUzQyUyRmgyJTNF[\/vc_raw_html][vc_column_text]Jeste\u015b osob\u0105 prywatn\u0105 i spodziewasz si\u0119, \u017ce w nied\u0142ugim czasie b\u0119dziesz m\u00f3g\u0142 odda\u0107 du\u017c\u0105 parti\u0119 metalu, na przyk\u0142ad w zwi\u0105zku z [&hellip;]<\/p>\n","protected":false},"author":1,"featured_media":0,"parent":0,"menu_order":0,"comment_status":"closed","ping_status":"closed","template":"","meta":{"inline_featured_image":false,"footnotes":""},"class_list":["post-1119","page","type-page","status-publish","hentry"],"yoast_head":"<!-- This site is optimized with the Yoast SEO plugin v27.4 - https:\/\/yoast.com\/product\/yoast-seo-wordpress\/ -->\n<title>Obs\u0142uga kontener\u00f3w - Metaalrecycling Moerdijk<\/title>\n<meta name=\"description\" content=\"Obs\u0142uga kontener\u00f3w. W naszym magazynie mamy oko\u0142o czterdziestu\/pi\u0119\u0107dziesi\u0119ciu kontener\u00f3w, kt\u00f3re s\u0105 gotowe do szybkiej dostawy na miejsce.\" \/>\n<meta name=\"robots\" content=\"index, follow, max-snippet:-1, max-image-preview:large, max-video-preview:-1\" \/>\n<link rel=\"canonical\" href=\"https:\/\/www.metaalrecyclingmoerdijk.nl\/pl\/obsluga-kontenerow\/\" \/>\n<meta property=\"og:locale\" content=\"pl_PL\" \/>\n<meta property=\"og:type\" content=\"article\" \/>\n<meta property=\"og:title\" content=\"Obs\u0142uga kontener\u00f3w - Metaalrecycling Moerdijk\" \/>\n<meta property=\"og:description\" content=\"Obs\u0142uga kontener\u00f3w. W naszym magazynie mamy oko\u0142o czterdziestu\/pi\u0119\u0107dziesi\u0119ciu kontener\u00f3w, kt\u00f3re s\u0105 gotowe do szybkiej dostawy na miejsce.\" \/>\n<meta property=\"og:url\" content=\"https:\/\/www.metaalrecyclingmoerdijk.nl\/pl\/obsluga-kontenerow\/\" \/>\n<meta property=\"og:site_name\" content=\"Metaalrecycling Moerdijk\" \/>\n<meta property=\"article:modified_time\" content=\"2023-07-10T12:34:50+00:00\" \/>\n<meta name=\"twitter:card\" content=\"summary_large_image\" \/>\n<meta name=\"twitter:label1\" content=\"Szacowany czas czytania\" \/>\n\t<meta name=\"twitter:data1\" content=\"3 minuty\" \/>\n<script type=\"application\/ld+json\" class=\"yoast-schema-graph\">{\"@context\":\"https:\\\/\\\/schema.org\",\"@graph\":[{\"@type\":\"WebPage\",\"@id\":\"https:\\\/\\\/www.metaalrecyclingmoerdijk.nl\\\/pl\\\/obsluga-kontenerow\\\/\",\"url\":\"https:\\\/\\\/www.metaalrecyclingmoerdijk.nl\\\/pl\\\/obsluga-kontenerow\\\/\",\"name\":\"Obs\u0142uga kontener\u00f3w - Metaalrecycling Moerdijk\",\"isPartOf\":{\"@id\":\"https:\\\/\\\/www.metaalrecyclingmoerdijk.nl\\\/#website\"},\"datePublished\":\"2022-09-07T07:36:24+00:00\",\"dateModified\":\"2023-07-10T12:34:50+00:00\",\"description\":\"Obs\u0142uga kontener\u00f3w. W naszym magazynie mamy oko\u0142o czterdziestu\\\/pi\u0119\u0107dziesi\u0119ciu kontener\u00f3w, kt\u00f3re s\u0105 gotowe do szybkiej dostawy na miejsce.\",\"breadcrumb\":{\"@id\":\"https:\\\/\\\/www.metaalrecyclingmoerdijk.nl\\\/pl\\\/obsluga-kontenerow\\\/#breadcrumb\"},\"inLanguage\":\"pl-PL\",\"potentialAction\":[{\"@type\":\"ReadAction\",\"target\":[\"https:\\\/\\\/www.metaalrecyclingmoerdijk.nl\\\/pl\\\/obsluga-kontenerow\\\/\"]}]},{\"@type\":\"BreadcrumbList\",\"@id\":\"https:\\\/\\\/www.metaalrecyclingmoerdijk.nl\\\/pl\\\/obsluga-kontenerow\\\/#breadcrumb\",\"itemListElement\":[{\"@type\":\"ListItem\",\"position\":1,\"name\":\"Home\",\"item\":\"https:\\\/\\\/www.metaalrecyclingmoerdijk.nl\\\/pl\\\/\"},{\"@type\":\"ListItem\",\"position\":2,\"name\":\"Obs\u0142uga kontener\u00f3w\"}]},{\"@type\":\"WebSite\",\"@id\":\"https:\\\/\\\/www.metaalrecyclingmoerdijk.nl\\\/#website\",\"url\":\"https:\\\/\\\/www.metaalrecyclingmoerdijk.nl\\\/\",\"name\":\"Metaalrecycling Moerdijk\",\"description\":\"Al 12,5 jaar lang\\r\\nstaan wij voor u klaar!\",\"potentialAction\":[{\"@type\":\"SearchAction\",\"target\":{\"@type\":\"EntryPoint\",\"urlTemplate\":\"https:\\\/\\\/www.metaalrecyclingmoerdijk.nl\\\/?s={search_term_string}\"},\"query-input\":{\"@type\":\"PropertyValueSpecification\",\"valueRequired\":true,\"valueName\":\"search_term_string\"}}],\"inLanguage\":\"pl-PL\"}]}<\/script>\n<!-- \/ Yoast SEO plugin. -->","yoast_head_json":{"title":"Obs\u0142uga kontener\u00f3w - Metaalrecycling Moerdijk","description":"Obs\u0142uga kontener\u00f3w. W naszym magazynie mamy oko\u0142o czterdziestu\/pi\u0119\u0107dziesi\u0119ciu kontener\u00f3w, kt\u00f3re s\u0105 gotowe do szybkiej dostawy na miejsce.","robots":{"index":"index","follow":"follow","max-snippet":"max-snippet:-1","max-image-preview":"max-image-preview:large","max-video-preview":"max-video-preview:-1"},"canonical":"https:\/\/www.metaalrecyclingmoerdijk.nl\/pl\/obsluga-kontenerow\/","og_locale":"pl_PL","og_type":"article","og_title":"Obs\u0142uga kontener\u00f3w - Metaalrecycling Moerdijk","og_description":"Obs\u0142uga kontener\u00f3w. W naszym magazynie mamy oko\u0142o czterdziestu\/pi\u0119\u0107dziesi\u0119ciu kontener\u00f3w, kt\u00f3re s\u0105 gotowe do szybkiej dostawy na miejsce.","og_url":"https:\/\/www.metaalrecyclingmoerdijk.nl\/pl\/obsluga-kontenerow\/","og_site_name":"Metaalrecycling Moerdijk","article_modified_time":"2023-07-10T12:34:50+00:00","twitter_card":"summary_large_image","twitter_misc":{"Szacowany czas czytania":"3 minuty"},"schema":{"@context":"https:\/\/schema.org","@graph":[{"@type":"WebPage","@id":"https:\/\/www.metaalrecyclingmoerdijk.nl\/pl\/obsluga-kontenerow\/","url":"https:\/\/www.metaalrecyclingmoerdijk.nl\/pl\/obsluga-kontenerow\/","name":"Obs\u0142uga kontener\u00f3w - Metaalrecycling Moerdijk","isPartOf":{"@id":"https:\/\/www.metaalrecyclingmoerdijk.nl\/#website"},"datePublished":"2022-09-07T07:36:24+00:00","dateModified":"2023-07-10T12:34:50+00:00","description":"Obs\u0142uga kontener\u00f3w. W naszym magazynie mamy oko\u0142o czterdziestu\/pi\u0119\u0107dziesi\u0119ciu kontener\u00f3w, kt\u00f3re s\u0105 gotowe do szybkiej dostawy na miejsce.","breadcrumb":{"@id":"https:\/\/www.metaalrecyclingmoerdijk.nl\/pl\/obsluga-kontenerow\/#breadcrumb"},"inLanguage":"pl-PL","potentialAction":[{"@type":"ReadAction","target":["https:\/\/www.metaalrecyclingmoerdijk.nl\/pl\/obsluga-kontenerow\/"]}]},{"@type":"BreadcrumbList","@id":"https:\/\/www.metaalrecyclingmoerdijk.nl\/pl\/obsluga-kontenerow\/#breadcrumb","itemListElement":[{"@type":"ListItem","position":1,"name":"Home","item":"https:\/\/www.metaalrecyclingmoerdijk.nl\/pl\/"},{"@type":"ListItem","position":2,"name":"Obs\u0142uga kontener\u00f3w"}]},{"@type":"WebSite","@id":"https:\/\/www.metaalrecyclingmoerdijk.nl\/#website","url":"https:\/\/www.metaalrecyclingmoerdijk.nl\/","name":"Metaalrecycling Moerdijk","description":"Al 12,5 jaar lang\r\nstaan wij voor u klaar!","potentialAction":[{"@type":"SearchAction","target":{"@type":"EntryPoint","urlTemplate":"https:\/\/www.metaalrecyclingmoerdijk.nl\/?s={search_term_string}"},"query-input":{"@type":"PropertyValueSpecification","valueRequired":true,"valueName":"search_term_string"}}],"inLanguage":"pl-PL"}]}},"_links":{"self":[{"href":"https:\/\/www.metaalrecyclingmoerdijk.nl\/pl\/wp-json\/wp\/v2\/pages\/1119","targetHints":{"allow":["GET"]}}],"collection":[{"href":"https:\/\/www.metaalrecyclingmoerdijk.nl\/pl\/wp-json\/wp\/v2\/pages"}],"about":[{"href":"https:\/\/www.metaalrecyclingmoerdijk.nl\/pl\/wp-json\/wp\/v2\/types\/page"}],"author":[{"embeddable":true,"href":"https:\/\/www.metaalrecyclingmoerdijk.nl\/pl\/wp-json\/wp\/v2\/users\/1"}],"replies":[{"embeddable":true,"href":"https:\/\/www.metaalrecyclingmoerdijk.nl\/pl\/wp-json\/wp\/v2\/comments?post=1119"}],"version-history":[{"count":4,"href":"https:\/\/www.metaalrecyclingmoerdijk.nl\/pl\/wp-json\/wp\/v2\/pages\/1119\/revisions"}],"predecessor-version":[{"id":1169,"href":"https:\/\/www.metaalrecyclingmoerdijk.nl\/pl\/wp-json\/wp\/v2\/pages\/1119\/revisions\/1169"}],"wp:attachment":[{"href":"https:\/\/www.metaalrecyclingmoerdijk.nl\/pl\/wp-json\/wp\/v2\/media?parent=1119"}],"curies":[{"name":"wp","href":"https:\/\/api.w.org\/{rel}","templated":true}]}}