{"id":1139,"date":"2022-05-03T14:47:56","date_gmt":"2022-05-03T14:47:56","guid":{"rendered":"https:\/\/www.metaalrecyclingmoerdijk.nl\/sitemap\/"},"modified":"2022-05-03T14:47:56","modified_gmt":"2022-05-03T14:47:56","slug":"sitemap","status":"publish","type":"page","link":"https:\/\/www.metaalrecyclingmoerdijk.nl\/pl\/sitemap\/","title":{"rendered":"Sitemap"},"content":{"rendered":"<p>[vc_row rt_row_background_width=&#8221;fullwidth&#8221; rt_row_content_width=&#8221;default&#8221; rt_row_style=&#8221;default-style&#8221; rt_row_height=&#8221;&#8221; rt_column_gaps=&#8221;&#8221; rt_row_shadows=&#8221;&#8221; rt_row_borders=&#8221;&#8221; rt_bg_effect=&#8221;classic&#8221; rt_bg_image_repeat=&#8221;repeat&#8221; rt_bg_size=&#8221;cover&#8221; rt_bg_position=&#8221;right top&#8221; rt_bg_attachment=&#8221;scroll&#8221; rt_bg_layer=&#8221;&#8221; rt_bg_video_format=&#8221;self-hosted&#8221; rt_class=&#8221;rt-3252595&#8243; rt_vc_seperator_1=&#8221;&#8221; rt_paddings=&#8221;0,50,,&#8221; rt_margins=&#8221;,,,&#8221; rt_content_margins=&#8221;,,,&#8221; rt_vc_seperator_2=&#8221;&#8221; rt_tablet_paddings=&#8221;,,,&#8221; rt_tablet_margins=&#8221;,,,&#8221; rt_tablet_content_margins=&#8221;,,,&#8221; rt_vc_seperator_3=&#8221;&#8221; rt_sp_paddings=&#8221;,,,&#8221; rt_sp_margins=&#8221;,,,&#8221; rt_sp_content_margins=&#8221;,,,&#8221;][vc_column rt_bg_effect=&#8221;classic&#8221; rt_bg_image_repeat=&#8221;repeat&#8221; rt_bg_size=&#8221;auto auto&#8221; rt_bg_position=&#8221;right top&#8221; rt_bg_attachment=&#8221;scroll&#8221;][vc_column_text]<div class=\"wsp-container\"><h2 class=\"wsp-pages-title\">Pages<\/h2>\n<ul class=\"wsp-pages-list\">\n<li class=\"page_item page-item-1125\"><a href=\"https:\/\/www.metaalrecyclingmoerdijk.nl\/pl\/ceny-metali\/\">Ceny metali<\/a><\/li>\n<li class=\"page_item page-item-1113\"><a href=\"https:\/\/www.metaalrecyclingmoerdijk.nl\/pl\/\">Dom<\/a><\/li>\n<li class=\"page_item page-item-1285\"><a href=\"https:\/\/www.metaalrecyclingmoerdijk.nl\/pl\/handel-metalami-breda\/\">Handel metalami Breda<\/a><\/li>\n<li class=\"page_item page-item-1291\"><a href=\"https:\/\/www.metaalrecyclingmoerdijk.nl\/pl\/handel-metalami-dordrecht\/\">Handel metalami Dordrecht<\/a><\/li>\n<li class=\"page_item page-item-1297\"><a href=\"https:\/\/www.metaalrecyclingmoerdijk.nl\/pl\/handel-metalami-etten-leur\/\">Handel metalami Etten-Leur<\/a><\/li>\n<li class=\"page_item page-item-1303\"><a href=\"https:\/\/www.metaalrecyclingmoerdijk.nl\/pl\/handel-metalami-klundert\/\">Handel metalami Klundert<\/a><\/li>\n<li class=\"page_item page-item-1309\"><a href=\"https:\/\/www.metaalrecyclingmoerdijk.nl\/pl\/handel-metalami-moerdijk\/\">Handel metalami Moerdijk<\/a><\/li>\n<li class=\"page_item page-item-1315\"><a href=\"https:\/\/www.metaalrecyclingmoerdijk.nl\/pl\/handel-metalami-noord-brabant\/\">Handel metalami Noord-Brabant<\/a><\/li>\n<li class=\"page_item page-item-1321\"><a href=\"https:\/\/www.metaalrecyclingmoerdijk.nl\/pl\/handel-metalami-oosterhout\/\">Handel metalami Oosterhout<\/a><\/li>\n<li class=\"page_item page-item-1327\"><a href=\"https:\/\/www.metaalrecyclingmoerdijk.nl\/pl\/handel-metalami-oudenbosch\/\">Handel metalami Oudenbosch<\/a><\/li>\n<li class=\"page_item page-item-1333\"><a href=\"https:\/\/www.metaalrecyclingmoerdijk.nl\/pl\/handel-metalami-roosendaal\/\">Handel metalami Roosendaal<\/a><\/li>\n<li class=\"page_item page-item-1351\"><a href=\"https:\/\/www.metaalrecyclingmoerdijk.nl\/pl\/handel-metalami-zevenbergen\/\">Handel metalami Zevenbergen<\/a><\/li>\n<li class=\"page_item page-item-1134\"><a href=\"https:\/\/www.metaalrecyclingmoerdijk.nl\/pl\/kontakt\/\">Kontakt<\/a><\/li>\n<li class=\"page_item page-item-1345\"><a href=\"https:\/\/www.metaalrecyclingmoerdijk.nl\/pl\/metaalrecycling-breda\/\">Metaalrecycling Breda<\/a><\/li>\n<li class=\"page_item page-item-1196\"><a href=\"https:\/\/www.metaalrecyclingmoerdijk.nl\/pl\/miedz-recznie-luszczona\/\">Mied\u017a r\u0119cznie \u0142uszczona<\/a><\/li>\n<li class=\"page_item page-item-1462\"><a href=\"https:\/\/www.metaalrecyclingmoerdijk.nl\/pl\/obrobka-zlomu-w-roosendaal\/\">Obr\u00f3bka z\u0142omu w Roosendaal<\/a><\/li>\n<li class=\"page_item page-item-1119\"><a href=\"https:\/\/www.metaalrecyclingmoerdijk.nl\/pl\/obsluga-kontenerow\/\">Obs\u0142uga kontener\u00f3w<\/a><\/li>\n<li class=\"page_item page-item-1209\"><a href=\"https:\/\/www.metaalrecyclingmoerdijk.nl\/pl\/oddaj-stare-zelazko\/\">Oddaj stare \u017celazko<\/a><\/li>\n<li class=\"page_item page-item-1140\"><a href=\"https:\/\/www.metaalrecyclingmoerdijk.nl\/pl\/oswiadczenie-o-ochronie-prywatnosci\/\">O\u015bwiadczenie o ochronie prywatno\u015bci<\/a><\/li>\n<li class=\"page_item page-item-1128\"><a href=\"https:\/\/www.metaalrecyclingmoerdijk.nl\/pl\/projektowanie\/\">Projektowanie<\/a><\/li>\n<li class=\"page_item page-item-1357\"><a href=\"https:\/\/www.metaalrecyclingmoerdijk.nl\/pl\/recykling-metali-dordrecht\/\">Recykling metali Dordrecht<\/a><\/li>\n<li class=\"page_item page-item-1363\"><a href=\"https:\/\/www.metaalrecyclingmoerdijk.nl\/pl\/recykling-metali-etten-leur\/\">Recykling metali Etten-Leur<\/a><\/li>\n<li class=\"page_item page-item-1369\"><a href=\"https:\/\/www.metaalrecyclingmoerdijk.nl\/pl\/recykling-metali-klundert\/\">Recykling metali Klundert<\/a><\/li>\n<li class=\"page_item page-item-1375\"><a href=\"https:\/\/www.metaalrecyclingmoerdijk.nl\/pl\/recykling-metali-moerdijk\/\">Recykling metali Moerdijk<\/a><\/li>\n<li class=\"page_item page-item-1381\"><a href=\"https:\/\/www.metaalrecyclingmoerdijk.nl\/pl\/recykling-metali-noord-brabant\/\">Recykling metali Noord-Brabant<\/a><\/li>\n<li class=\"page_item page-item-1389\"><a href=\"https:\/\/www.metaalrecyclingmoerdijk.nl\/pl\/recykling-metali-oosterhout\/\">Recykling metali Oosterhout<\/a><\/li>\n<li class=\"page_item page-item-1395\"><a href=\"https:\/\/www.metaalrecyclingmoerdijk.nl\/pl\/recykling-metali-oudenbosch\/\">Recykling metali Oudenbosch<\/a><\/li>\n<li class=\"page_item page-item-1401\"><a href=\"https:\/\/www.metaalrecyclingmoerdijk.nl\/pl\/recykling-metali-roosendaal\/\">Recykling metali Roosendaal<\/a><\/li>\n<li class=\"page_item page-item-1339\"><a href=\"https:\/\/www.metaalrecyclingmoerdijk.nl\/pl\/recykling-metali-zevenbergen\/\">Recykling metali Zevenbergen<\/a><\/li>\n<li class=\"page_item page-item-1222\"><a href=\"https:\/\/www.metaalrecyclingmoerdijk.nl\/pl\/reka-w-miedziany-breda\/\">R\u0119ka w miedziany Breda<\/a><\/li>\n<li class=\"page_item page-item-1231\"><a href=\"https:\/\/www.metaalrecyclingmoerdijk.nl\/pl\/reka-w-miedziany-dordrecht\/\">R\u0119ka w miedziany Dordrecht<\/a><\/li>\n<li class=\"page_item page-item-1238\"><a href=\"https:\/\/www.metaalrecyclingmoerdijk.nl\/pl\/reka-w-miedziany-etten-leur\/\">R\u0119ka w miedziany Etten-Leur<\/a><\/li>\n<li class=\"page_item page-item-1242\"><a href=\"https:\/\/www.metaalrecyclingmoerdijk.nl\/pl\/reka-w-miedziany-klundert\/\">R\u0119ka w miedziany Klundert<\/a><\/li>\n<li class=\"page_item page-item-1248\"><a href=\"https:\/\/www.metaalrecyclingmoerdijk.nl\/pl\/reka-w-miedziany-moerdijk\/\">R\u0119ka w miedziany Moerdijk<\/a><\/li>\n<li class=\"page_item page-item-1254\"><a href=\"https:\/\/www.metaalrecyclingmoerdijk.nl\/pl\/reka-w-miedziany-noord-brabant\/\">R\u0119ka w miedziany Noord-Brabant<\/a><\/li>\n<li class=\"page_item page-item-1260\"><a href=\"https:\/\/www.metaalrecyclingmoerdijk.nl\/pl\/reka-w-miedziany-oosterhout\/\">R\u0119ka w miedziany Oosterhout<\/a><\/li>\n<li class=\"page_item page-item-1266\"><a href=\"https:\/\/www.metaalrecyclingmoerdijk.nl\/pl\/reka-w-miedziany-oudenbosch\/\">R\u0119ka w miedziany Oudenbosch<\/a><\/li>\n<li class=\"page_item page-item-1272\"><a href=\"https:\/\/www.metaalrecyclingmoerdijk.nl\/pl\/reka-w-miedziany-roosendaal\/\">R\u0119ka w miedziany Roosendaal<\/a><\/li>\n<li class=\"page_item page-item-1278\"><a href=\"https:\/\/www.metaalrecyclingmoerdijk.nl\/pl\/reka-w-miedziany-zevenbergen\/\">R\u0119ka w miedziany Zevenbergen<\/a><\/li>\n<li class=\"page_item page-item-1139\"><a href=\"https:\/\/www.metaalrecyclingmoerdijk.nl\/pl\/sitemap\/\">Sitemap<\/a><\/li>\n<li class=\"page_item page-item-1202\"><a href=\"https:\/\/www.metaalrecyclingmoerdijk.nl\/pl\/sprzedam-odpady-metalowe\/\">Sprzedam odpady metalowe<\/a><\/li>\n<li class=\"page_item page-item-1122\"><a href=\"https:\/\/www.metaalrecyclingmoerdijk.nl\/pl\/srodowisko\/\">\u015arodowisko<\/a><\/li>\n<li class=\"page_item page-item-1475\"><a href=\"https:\/\/www.metaalrecyclingmoerdijk.nl\/pl\/stara-metalowa-breda\/\">Stara metalowa Breda<\/a><\/li>\n<li class=\"page_item page-item-1481\"><a href=\"https:\/\/www.metaalrecyclingmoerdijk.nl\/pl\/stara-metalowa-dordrecht\/\">Stara metalowa Dordrecht<\/a><\/li>\n<li class=\"page_item page-item-1487\"><a href=\"https:\/\/www.metaalrecyclingmoerdijk.nl\/pl\/stara-metalowa-etten-leur\/\">Stara metalowa Etten-Leur<\/a><\/li>\n<li class=\"page_item page-item-1493\"><a href=\"https:\/\/www.metaalrecyclingmoerdijk.nl\/pl\/stara-metalowa-klundert\/\">Stara metalowa Klundert<\/a><\/li>\n<li class=\"page_item page-item-1499\"><a href=\"https:\/\/www.metaalrecyclingmoerdijk.nl\/pl\/stara-metalowa-moerdijk\/\">Stara metalowa Moerdijk<\/a><\/li>\n<li class=\"page_item page-item-1505\"><a href=\"https:\/\/www.metaalrecyclingmoerdijk.nl\/pl\/stara-metalowa-noord-brabant\/\">Stara metalowa Noord-Brabant<\/a><\/li>\n<li class=\"page_item page-item-1511\"><a href=\"https:\/\/www.metaalrecyclingmoerdijk.nl\/pl\/stara-metalowa-oosterhout\/\">Stara metalowa Oosterhout<\/a><\/li>\n<li class=\"page_item page-item-1517\"><a href=\"https:\/\/www.metaalrecyclingmoerdijk.nl\/pl\/stara-metalowa-oudenbosch\/\">Stara metalowa Oudenbosch<\/a><\/li>\n<li class=\"page_item page-item-1523\"><a href=\"https:\/\/www.metaalrecyclingmoerdijk.nl\/pl\/stara-metalowa-roosendaal\/\">Stara metalowa Roosendaal<\/a><\/li>\n<li class=\"page_item page-item-1529\"><a href=\"https:\/\/www.metaalrecyclingmoerdijk.nl\/pl\/stara-metalowa-zevenbergen\/\">Stara metalowa Zevenbergen<\/a><\/li>\n<li class=\"page_item page-item-1407\"><a href=\"https:\/\/www.metaalrecyclingmoerdijk.nl\/pl\/stara-zelazna-breda\/\">Stara \u017celazna Breda<\/a><\/li>\n<li class=\"page_item page-item-1414\"><a href=\"https:\/\/www.metaalrecyclingmoerdijk.nl\/pl\/stara-zelazna-dordrecht\/\">Stara \u017celazna Dordrecht<\/a><\/li>\n<li class=\"page_item page-item-1420\"><a href=\"https:\/\/www.metaalrecyclingmoerdijk.nl\/pl\/stara-zelazna-etten-leur\/\">Stara \u017celazna Etten-Leur<\/a><\/li>\n<li class=\"page_item page-item-1426\"><a href=\"https:\/\/www.metaalrecyclingmoerdijk.nl\/pl\/stara-zelazna-klundert\/\">Stara \u017celazna Klundert<\/a><\/li>\n<li class=\"page_item page-item-1432\"><a href=\"https:\/\/www.metaalrecyclingmoerdijk.nl\/pl\/stara-zelazna-moerdijk\/\">Stara \u017celazna Moerdijk<\/a><\/li>\n<li class=\"page_item page-item-1438\"><a href=\"https:\/\/www.metaalrecyclingmoerdijk.nl\/pl\/stara-zelazna-noord-brabant\/\">Stara \u017celazna Noord-Brabant<\/a><\/li>\n<li class=\"page_item page-item-1444\"><a href=\"https:\/\/www.metaalrecyclingmoerdijk.nl\/pl\/stara-zelazna-oosterhout\/\">Stara \u017celazna Oosterhout<\/a><\/li>\n<li class=\"page_item page-item-1450\"><a href=\"https:\/\/www.metaalrecyclingmoerdijk.nl\/pl\/stara-zelazna-oudenbosch\/\">Stara \u017celazna Oudenbosch<\/a><\/li>\n<li class=\"page_item page-item-1456\"><a href=\"https:\/\/www.metaalrecyclingmoerdijk.nl\/pl\/stara-zelazna-roosendaal\/\">Stara \u017celazna Roosendaal<\/a><\/li>\n<li class=\"page_item page-item-1469\"><a href=\"https:\/\/www.metaalrecyclingmoerdijk.nl\/pl\/stara-zelazna-zevenbergen\/\">Stara \u017celazna Zevenbergen<\/a><\/li>\n<li class=\"page_item page-item-1116\"><a href=\"https:\/\/www.metaalrecyclingmoerdijk.nl\/pl\/zakup-osob-prywatnych\/\">Zakup os\u00f3b prywatnych<\/a><\/li>\n<li class=\"page_item page-item-1216\"><a href=\"https:\/\/www.metaalrecyclingmoerdijk.nl\/pl\/zwroc-stare-kable-uziemiajace\/\">Zwr\u00f3\u0107 stare kable uziemiaj\u0105ce<\/a><\/li>\n<li class=\"page_item page-item-1188\"><a href=\"https:\/\/www.metaalrecyclingmoerdijk.nl\/pl\/powrotne-kable-elektryczne\/\">Zwrot kabli elektrycznych<\/a><\/li>\n<\/ul>\n<\/div>[\/vc_column_text][\/vc_column][\/vc_row]<\/p>\n","protected":false},"excerpt":{"rendered":"<p>[vc_row rt_row_background_width=&#8221;fullwidth&#8221; rt_row_content_width=&#8221;default&#8221; rt_row_style=&#8221;default-style&#8221; rt_row_height=&#8221;&#8221; rt_column_gaps=&#8221;&#8221; rt_row_shadows=&#8221;&#8221; rt_row_borders=&#8221;&#8221; rt_bg_effect=&#8221;classic&#8221; rt_bg_image_repeat=&#8221;repeat&#8221; rt_bg_size=&#8221;cover&#8221; rt_bg_position=&#8221;right top&#8221; rt_bg_attachment=&#8221;scroll&#8221; rt_bg_layer=&#8221;&#8221; rt_bg_video_format=&#8221;self-hosted&#8221; rt_class=&#8221;rt-3252595&#8243; rt_vc_seperator_1=&#8221;&#8221; rt_paddings=&#8221;0,50,,&#8221; rt_margins=&#8221;,,,&#8221; rt_content_margins=&#8221;,,,&#8221; rt_vc_seperator_2=&#8221;&#8221; rt_tablet_paddings=&#8221;,,,&#8221; rt_tablet_margins=&#8221;,,,&#8221; rt_tablet_content_margins=&#8221;,,,&#8221; rt_vc_seperator_3=&#8221;&#8221; rt_sp_paddings=&#8221;,,,&#8221; rt_sp_margins=&#8221;,,,&#8221; rt_sp_content_margins=&#8221;,,,&#8221;][vc_column rt_bg_effect=&#8221;classic&#8221; rt_bg_image_repeat=&#8221;repeat&#8221; rt_bg_size=&#8221;auto auto&#8221; rt_bg_position=&#8221;right top&#8221; rt_bg_attachment=&#8221;scroll&#8221;][vc_column_text][\/vc_column_text][\/vc_column][\/vc_row]<\/p>\n","protected":false},"author":1,"featured_media":0,"parent":0,"menu_order":0,"comment_status":"closed","ping_status":"closed","template":"","meta":{"inline_featured_image":false,"footnotes":""},"class_list":["post-1139","page","type-page","status-publish","hentry"],"yoast_head":"<!-- This site is optimized with the Yoast SEO plugin v27.5 - https:\/\/yoast.com\/product\/yoast-seo-wordpress\/ -->\n<title>Sitemap - Metaalrecycling Moerdijk<\/title>\n<meta name=\"robots\" content=\"index, follow, max-snippet:-1, max-image-preview:large, max-video-preview:-1\" \/>\n<link rel=\"canonical\" href=\"https:\/\/www.metaalrecyclingmoerdijk.nl\/pl\/sitemap\/\" \/>\n<meta property=\"og:locale\" content=\"pl_PL\" \/>\n<meta property=\"og:type\" content=\"article\" \/>\n<meta property=\"og:title\" content=\"Sitemap - Metaalrecycling Moerdijk\" \/>\n<meta property=\"og:description\" content=\"[vc_row rt_row_background_width=&#8221;fullwidth&#8221; rt_row_content_width=&#8221;default&#8221; rt_row_style=&#8221;default-style&#8221; rt_row_height=&#8221;&#8221; rt_column_gaps=&#8221;&#8221; rt_row_shadows=&#8221;&#8221; rt_row_borders=&#8221;&#8221; rt_bg_effect=&#8221;classic&#8221; rt_bg_image_repeat=&#8221;repeat&#8221; rt_bg_size=&#8221;cover&#8221; rt_bg_position=&#8221;right top&#8221; rt_bg_attachment=&#8221;scroll&#8221; rt_bg_layer=&#8221;&#8221; rt_bg_video_format=&#8221;self-hosted&#8221; rt_class=&#8221;rt-3252595&#8243; rt_vc_seperator_1=&#8221;&#8221; rt_paddings=&#8221;0,50,,&#8221; rt_margins=&#8221;,,,&#8221; rt_content_margins=&#8221;,,,&#8221; rt_vc_seperator_2=&#8221;&#8221; rt_tablet_paddings=&#8221;,,,&#8221; rt_tablet_margins=&#8221;,,,&#8221; rt_tablet_content_margins=&#8221;,,,&#8221; rt_vc_seperator_3=&#8221;&#8221; rt_sp_paddings=&#8221;,,,&#8221; rt_sp_margins=&#8221;,,,&#8221; rt_sp_content_margins=&#8221;,,,&#8221;][vc_column rt_bg_effect=&#8221;classic&#8221; rt_bg_image_repeat=&#8221;repeat&#8221; rt_bg_size=&#8221;auto auto&#8221; rt_bg_position=&#8221;right top&#8221; rt_bg_attachment=&#8221;scroll&#8221;][vc_column_text][\/vc_column_text][\/vc_column][\/vc_row]\" \/>\n<meta property=\"og:url\" content=\"https:\/\/www.metaalrecyclingmoerdijk.nl\/pl\/sitemap\/\" \/>\n<meta property=\"og:site_name\" content=\"Metaalrecycling Moerdijk\" \/>\n<meta name=\"twitter:card\" content=\"summary_large_image\" \/>\n<meta name=\"twitter:label1\" content=\"Szacowany czas czytania\" \/>\n\t<meta name=\"twitter:data1\" content=\"1 minuta\" \/>\n<script type=\"application\/ld+json\" class=\"yoast-schema-graph\">{\"@context\":\"https:\\\/\\\/schema.org\",\"@graph\":[{\"@type\":\"WebPage\",\"@id\":\"https:\\\/\\\/www.metaalrecyclingmoerdijk.nl\\\/pl\\\/sitemap\\\/\",\"url\":\"https:\\\/\\\/www.metaalrecyclingmoerdijk.nl\\\/pl\\\/sitemap\\\/\",\"name\":\"Sitemap - Metaalrecycling Moerdijk\",\"isPartOf\":{\"@id\":\"https:\\\/\\\/www.metaalrecyclingmoerdijk.nl\\\/#website\"},\"datePublished\":\"2022-05-03T14:47:56+00:00\",\"breadcrumb\":{\"@id\":\"https:\\\/\\\/www.metaalrecyclingmoerdijk.nl\\\/pl\\\/sitemap\\\/#breadcrumb\"},\"inLanguage\":\"pl-PL\",\"potentialAction\":[{\"@type\":\"ReadAction\",\"target\":[\"https:\\\/\\\/www.metaalrecyclingmoerdijk.nl\\\/pl\\\/sitemap\\\/\"]}]},{\"@type\":\"BreadcrumbList\",\"@id\":\"https:\\\/\\\/www.metaalrecyclingmoerdijk.nl\\\/pl\\\/sitemap\\\/#breadcrumb\",\"itemListElement\":[{\"@type\":\"ListItem\",\"position\":1,\"name\":\"Home\",\"item\":\"https:\\\/\\\/www.metaalrecyclingmoerdijk.nl\\\/pl\\\/\"},{\"@type\":\"ListItem\",\"position\":2,\"name\":\"Sitemap\"}]},{\"@type\":\"WebSite\",\"@id\":\"https:\\\/\\\/www.metaalrecyclingmoerdijk.nl\\\/#website\",\"url\":\"https:\\\/\\\/www.metaalrecyclingmoerdijk.nl\\\/\",\"name\":\"Metaalrecycling Moerdijk\",\"description\":\"Al 12,5 jaar lang\\r\\nstaan wij voor u klaar!\",\"potentialAction\":[{\"@type\":\"SearchAction\",\"target\":{\"@type\":\"EntryPoint\",\"urlTemplate\":\"https:\\\/\\\/www.metaalrecyclingmoerdijk.nl\\\/?s={search_term_string}\"},\"query-input\":{\"@type\":\"PropertyValueSpecification\",\"valueRequired\":true,\"valueName\":\"search_term_string\"}}],\"inLanguage\":\"pl-PL\"}]}<\/script>\n<!-- \/ Yoast SEO plugin. -->","yoast_head_json":{"title":"Sitemap - Metaalrecycling Moerdijk","robots":{"index":"index","follow":"follow","max-snippet":"max-snippet:-1","max-image-preview":"max-image-preview:large","max-video-preview":"max-video-preview:-1"},"canonical":"https:\/\/www.metaalrecyclingmoerdijk.nl\/pl\/sitemap\/","og_locale":"pl_PL","og_type":"article","og_title":"Sitemap - Metaalrecycling Moerdijk","og_description":"[vc_row rt_row_background_width=&#8221;fullwidth&#8221; rt_row_content_width=&#8221;default&#8221; rt_row_style=&#8221;default-style&#8221; rt_row_height=&#8221;&#8221; rt_column_gaps=&#8221;&#8221; rt_row_shadows=&#8221;&#8221; rt_row_borders=&#8221;&#8221; rt_bg_effect=&#8221;classic&#8221; rt_bg_image_repeat=&#8221;repeat&#8221; rt_bg_size=&#8221;cover&#8221; rt_bg_position=&#8221;right top&#8221; rt_bg_attachment=&#8221;scroll&#8221; rt_bg_layer=&#8221;&#8221; rt_bg_video_format=&#8221;self-hosted&#8221; rt_class=&#8221;rt-3252595&#8243; rt_vc_seperator_1=&#8221;&#8221; rt_paddings=&#8221;0,50,,&#8221; rt_margins=&#8221;,,,&#8221; rt_content_margins=&#8221;,,,&#8221; rt_vc_seperator_2=&#8221;&#8221; rt_tablet_paddings=&#8221;,,,&#8221; rt_tablet_margins=&#8221;,,,&#8221; rt_tablet_content_margins=&#8221;,,,&#8221; rt_vc_seperator_3=&#8221;&#8221; rt_sp_paddings=&#8221;,,,&#8221; rt_sp_margins=&#8221;,,,&#8221; rt_sp_content_margins=&#8221;,,,&#8221;][vc_column rt_bg_effect=&#8221;classic&#8221; rt_bg_image_repeat=&#8221;repeat&#8221; rt_bg_size=&#8221;auto auto&#8221; rt_bg_position=&#8221;right top&#8221; rt_bg_attachment=&#8221;scroll&#8221;][vc_column_text][\/vc_column_text][\/vc_column][\/vc_row]","og_url":"https:\/\/www.metaalrecyclingmoerdijk.nl\/pl\/sitemap\/","og_site_name":"Metaalrecycling Moerdijk","twitter_card":"summary_large_image","twitter_misc":{"Szacowany czas czytania":"1 minuta"},"schema":{"@context":"https:\/\/schema.org","@graph":[{"@type":"WebPage","@id":"https:\/\/www.metaalrecyclingmoerdijk.nl\/pl\/sitemap\/","url":"https:\/\/www.metaalrecyclingmoerdijk.nl\/pl\/sitemap\/","name":"Sitemap - Metaalrecycling Moerdijk","isPartOf":{"@id":"https:\/\/www.metaalrecyclingmoerdijk.nl\/#website"},"datePublished":"2022-05-03T14:47:56+00:00","breadcrumb":{"@id":"https:\/\/www.metaalrecyclingmoerdijk.nl\/pl\/sitemap\/#breadcrumb"},"inLanguage":"pl-PL","potentialAction":[{"@type":"ReadAction","target":["https:\/\/www.metaalrecyclingmoerdijk.nl\/pl\/sitemap\/"]}]},{"@type":"BreadcrumbList","@id":"https:\/\/www.metaalrecyclingmoerdijk.nl\/pl\/sitemap\/#breadcrumb","itemListElement":[{"@type":"ListItem","position":1,"name":"Home","item":"https:\/\/www.metaalrecyclingmoerdijk.nl\/pl\/"},{"@type":"ListItem","position":2,"name":"Sitemap"}]},{"@type":"WebSite","@id":"https:\/\/www.metaalrecyclingmoerdijk.nl\/#website","url":"https:\/\/www.metaalrecyclingmoerdijk.nl\/","name":"Metaalrecycling Moerdijk","description":"Al 12,5 jaar lang\r\nstaan wij voor u klaar!","potentialAction":[{"@type":"SearchAction","target":{"@type":"EntryPoint","urlTemplate":"https:\/\/www.metaalrecyclingmoerdijk.nl\/?s={search_term_string}"},"query-input":{"@type":"PropertyValueSpecification","valueRequired":true,"valueName":"search_term_string"}}],"inLanguage":"pl-PL"}]}},"_links":{"self":[{"href":"https:\/\/www.metaalrecyclingmoerdijk.nl\/pl\/wp-json\/wp\/v2\/pages\/1139","targetHints":{"allow":["GET"]}}],"collection":[{"href":"https:\/\/www.metaalrecyclingmoerdijk.nl\/pl\/wp-json\/wp\/v2\/pages"}],"about":[{"href":"https:\/\/www.metaalrecyclingmoerdijk.nl\/pl\/wp-json\/wp\/v2\/types\/page"}],"author":[{"embeddable":true,"href":"https:\/\/www.metaalrecyclingmoerdijk.nl\/pl\/wp-json\/wp\/v2\/users\/1"}],"replies":[{"embeddable":true,"href":"https:\/\/www.metaalrecyclingmoerdijk.nl\/pl\/wp-json\/wp\/v2\/comments?post=1139"}],"version-history":[{"count":0,"href":"https:\/\/www.metaalrecyclingmoerdijk.nl\/pl\/wp-json\/wp\/v2\/pages\/1139\/revisions"}],"wp:attachment":[{"href":"https:\/\/www.metaalrecyclingmoerdijk.nl\/pl\/wp-json\/wp\/v2\/media?parent=1139"}],"curies":[{"name":"wp","href":"https:\/\/api.w.org\/{rel}","templated":true}]}}